{"id":747,"date":"2022-11-10T16:45:15","date_gmt":"2022-11-10T16:45:15","guid":{"rendered":"https:\/\/slapps.fr\/sophany\/?page_id=747"},"modified":"2024-09-02T23:33:17","modified_gmt":"2024-09-02T23:33:17","slug":"2-excercice-bh-hbhb","status":"publish","type":"page","link":"https:\/\/slapps.fr\/sophany\/2-excercice-bh-hbhb\/","title":{"rendered":"Excercice-Frapper-BH BHBH"},"content":{"rendered":"\n<p>Ukulele &#8211; Le rythmes d\u00e9butants pour am\u00e9liorer votre frappe<\/p>\n\n\n\n<p>Mise \u00e0 jour : 25 Avril 2023<\/p>\n\n\n\n<figure class=\"wp-block-image aligncenter size-full is-resized\"><a href=\"https:\/\/youtu.be\/N5jj_B2bhDM?si=YGDN354ZuA_VqBxY\" target=\"_blank\" rel=\"noreferrer noopener\"><img decoding=\"async\" width=\"715\" height=\"371\" src=\"https:\/\/slapps.fr\/sophany\/wp-content\/uploads\/2024\/09\/Image-Ukulele-Le-rythmes-debutants-pour-ameliorer-votre-frappe.png\" alt=\"\" class=\"wp-image-2375\" style=\"width:625px;height:auto\" srcset=\"https:\/\/slapps.fr\/sophany\/wp-content\/uploads\/2024\/09\/Image-Ukulele-Le-rythmes-debutants-pour-ameliorer-votre-frappe.png 715w, https:\/\/slapps.fr\/sophany\/wp-content\/uploads\/2024\/09\/Image-Ukulele-Le-rythmes-debutants-pour-ameliorer-votre-frappe-600x311.png 600w, https:\/\/slapps.fr\/sophany\/wp-content\/uploads\/2024\/09\/Image-Ukulele-Le-rythmes-debutants-pour-ameliorer-votre-frappe-300x156.png 300w\" sizes=\"(max-width: 715px) 100vw, 715px\" \/><\/a><\/figure>\n","protected":false},"excerpt":{"rendered":"<p>Ukulele &#8211; Le rythmes d\u00e9butants pour am\u00e9liorer votre frappe Mise \u00e0 jour : 25 Avril 2023<\/p>\n","protected":false},"author":1,"featured_media":0,"parent":0,"menu_order":0,"comment_status":"closed","ping_status":"closed","template":"","meta":{"footnotes":""},"class_list":["post-747","page","type-page","status-publish","hentry"],"jetpack_sharing_enabled":true,"_links":{"self":[{"href":"https:\/\/slapps.fr\/sophany\/wp-json\/wp\/v2\/pages\/747","targetHints":{"allow":["GET"]}}],"collection":[{"href":"https:\/\/slapps.fr\/sophany\/wp-json\/wp\/v2\/pages"}],"about":[{"href":"https:\/\/slapps.fr\/sophany\/wp-json\/wp\/v2\/types\/page"}],"author":[{"embeddable":true,"href":"https:\/\/slapps.fr\/sophany\/wp-json\/wp\/v2\/users\/1"}],"replies":[{"embeddable":true,"href":"https:\/\/slapps.fr\/sophany\/wp-json\/wp\/v2\/comments?post=747"}],"version-history":[{"count":9,"href":"https:\/\/slapps.fr\/sophany\/wp-json\/wp\/v2\/pages\/747\/revisions"}],"predecessor-version":[{"id":2376,"href":"https:\/\/slapps.fr\/sophany\/wp-json\/wp\/v2\/pages\/747\/revisions\/2376"}],"wp:attachment":[{"href":"https:\/\/slapps.fr\/sophany\/wp-json\/wp\/v2\/media?parent=747"}],"curies":[{"name":"wp","href":"https:\/\/api.w.org\/{rel}","templated":true}]}}