{"id":3006,"date":"2025-11-04T18:19:15","date_gmt":"2025-11-04T18:19:15","guid":{"rendered":"https:\/\/slapps.fr\/sophany\/?page_id=3006"},"modified":"2025-11-04T18:24:09","modified_gmt":"2025-11-04T18:24:09","slug":"aquarelles","status":"publish","type":"page","link":"https:\/\/slapps.fr\/sophany\/aquarelles\/","title":{"rendered":"Aquarelles"},"content":{"rendered":"\n<figure class=\"wp-block-image aligncenter size-full\"><img decoding=\"async\" width=\"711\" height=\"477\" src=\"https:\/\/slapps.fr\/sophany\/wp-content\/uploads\/2025\/11\/Dessin-001-1.png\" alt=\"\" class=\"wp-image-3007\" srcset=\"https:\/\/slapps.fr\/sophany\/wp-content\/uploads\/2025\/11\/Dessin-001-1.png 711w, https:\/\/slapps.fr\/sophany\/wp-content\/uploads\/2025\/11\/Dessin-001-1-300x201.png 300w, https:\/\/slapps.fr\/sophany\/wp-content\/uploads\/2025\/11\/Dessin-001-1-600x403.png 600w\" sizes=\"(max-width: 711px) 100vw, 711px\" \/><\/figure>\n\n\n\n<p class=\"has-text-align-center\">Merci de votre visite \ud83d\udc9b<br><a href=\"https:\/\/slapps.fr\/sophany-aquarelle\/\">D\u00e9couvrez aussi ma page consacr\u00e9e \u00e0 l\u2019aquarelle<\/a><\/p>\n\n\n\n<p class=\"has-text-align-center\"><\/p>\n\n\n\n<p><\/p>\n","protected":false},"excerpt":{"rendered":"<p>Merci de votre visite \ud83d\udc9bD\u00e9couvrez aussi ma page consacr\u00e9e \u00e0 l\u2019aquarelle<\/p>\n","protected":false},"author":1,"featured_media":0,"parent":0,"menu_order":0,"comment_status":"open","ping_status":"closed","template":"","meta":{"footnotes":""},"class_list":["post-3006","page","type-page","status-publish","hentry"],"jetpack_sharing_enabled":true,"_links":{"self":[{"href":"https:\/\/slapps.fr\/sophany\/wp-json\/wp\/v2\/pages\/3006","targetHints":{"allow":["GET"]}}],"collection":[{"href":"https:\/\/slapps.fr\/sophany\/wp-json\/wp\/v2\/pages"}],"about":[{"href":"https:\/\/slapps.fr\/sophany\/wp-json\/wp\/v2\/types\/page"}],"author":[{"embeddable":true,"href":"https:\/\/slapps.fr\/sophany\/wp-json\/wp\/v2\/users\/1"}],"replies":[{"embeddable":true,"href":"https:\/\/slapps.fr\/sophany\/wp-json\/wp\/v2\/comments?post=3006"}],"version-history":[{"count":1,"href":"https:\/\/slapps.fr\/sophany\/wp-json\/wp\/v2\/pages\/3006\/revisions"}],"predecessor-version":[{"id":3008,"href":"https:\/\/slapps.fr\/sophany\/wp-json\/wp\/v2\/pages\/3006\/revisions\/3008"}],"wp:attachment":[{"href":"https:\/\/slapps.fr\/sophany\/wp-json\/wp\/v2\/media?parent=3006"}],"curies":[{"name":"wp","href":"https:\/\/api.w.org\/{rel}","templated":true}]}}