{"id":2691,"date":"2025-02-22T08:51:42","date_gmt":"2025-02-22T08:51:42","guid":{"rendered":"https:\/\/slapps.fr\/sophany\/?page_id=2691"},"modified":"2025-02-22T09:00:31","modified_gmt":"2025-02-22T09:00:31","slug":"1-test","status":"publish","type":"page","link":"https:\/\/slapps.fr\/sophany\/1-test\/","title":{"rendered":"1955-Sophany"},"content":{"rendered":"\n<figure class=\"wp-block-image aligncenter size-full\"><img decoding=\"async\" width=\"162\" height=\"169\" src=\"https:\/\/slapps.fr\/sophany\/wp-content\/uploads\/2025\/02\/Image-Chevre-2.png\" alt=\"\" class=\"wp-image-2695\"\/><\/figure>\n\n\n\n<p>L\u2019ann\u00e9e 1955 dans l\u2019astrologie chinoise est l\u2019ann\u00e9e du Mouton (Ch\u00e8vre), sous l\u2019\u00e9l\u00e9ment Bois.<\/p>\n\n\n\n<p>Les personnes n\u00e9es sous ce signe sont souvent consid\u00e9r\u00e9es comme cr\u00e9atives, douces, sensibles et bienveillantes. L\u2019\u00e9l\u00e9ment Bois leur apporte une nature g\u00e9n\u00e9reuse et une capacit\u00e9 \u00e0 s\u2019adapter aux autres.<\/p>\n","protected":false},"excerpt":{"rendered":"<p>L\u2019ann\u00e9e 1955 dans l\u2019astrologie chinoise est l\u2019ann\u00e9e du Mouton (Ch\u00e8vre), sous l\u2019\u00e9l\u00e9ment Bois. Les personnes n\u00e9es sous ce<\/p>\n","protected":false},"author":1,"featured_media":0,"parent":0,"menu_order":0,"comment_status":"closed","ping_status":"closed","template":"","meta":{"footnotes":""},"class_list":["post-2691","page","type-page","status-publish","hentry"],"jetpack_sharing_enabled":true,"_links":{"self":[{"href":"https:\/\/slapps.fr\/sophany\/wp-json\/wp\/v2\/pages\/2691","targetHints":{"allow":["GET"]}}],"collection":[{"href":"https:\/\/slapps.fr\/sophany\/wp-json\/wp\/v2\/pages"}],"about":[{"href":"https:\/\/slapps.fr\/sophany\/wp-json\/wp\/v2\/types\/page"}],"author":[{"embeddable":true,"href":"https:\/\/slapps.fr\/sophany\/wp-json\/wp\/v2\/users\/1"}],"replies":[{"embeddable":true,"href":"https:\/\/slapps.fr\/sophany\/wp-json\/wp\/v2\/comments?post=2691"}],"version-history":[{"count":3,"href":"https:\/\/slapps.fr\/sophany\/wp-json\/wp\/v2\/pages\/2691\/revisions"}],"predecessor-version":[{"id":2697,"href":"https:\/\/slapps.fr\/sophany\/wp-json\/wp\/v2\/pages\/2691\/revisions\/2697"}],"wp:attachment":[{"href":"https:\/\/slapps.fr\/sophany\/wp-json\/wp\/v2\/media?parent=2691"}],"curies":[{"name":"wp","href":"https:\/\/api.w.org\/{rel}","templated":true}]}}