{"id":1957,"date":"2024-02-25T17:29:54","date_gmt":"2024-02-25T17:29:54","guid":{"rendered":"https:\/\/slapps.fr\/sophany\/?page_id=1957"},"modified":"2024-02-25T17:33:09","modified_gmt":"2024-02-25T17:33:09","slug":"15-dans-la-main-de-bouddha-kuan-yin","status":"publish","type":"page","link":"https:\/\/slapps.fr\/sophany\/15-dans-la-main-de-bouddha-kuan-yin\/","title":{"rendered":"15. Dans la main de Bouddha &#8211; Kuan Yin"},"content":{"rendered":"\n<p class=\"has-text-align-center\">Commence \u00e0 lire ce bouquin en venant de Thaillande 12 F\u00e9vrier 2024 &#8211; Fin 25 F\u00e9vrier 2024<\/p>\n\n\n\n<p class=\"has-text-align-center\">Une belle l&rsquo;histoire de CHOW CHING LIE et courageuse en Chine 320 pages ( fini 13 jours ).<\/p>\n\n\n\n<figure class=\"wp-block-image aligncenter size-full is-resized\"><img decoding=\"async\" width=\"467\" height=\"678\" src=\"https:\/\/slapps.fr\/sophany\/wp-content\/uploads\/2024\/02\/Dans-la-main-de-Bouddha-01.png\" alt=\"\" class=\"wp-image-1958\" style=\"width:509px;height:auto\" srcset=\"https:\/\/slapps.fr\/sophany\/wp-content\/uploads\/2024\/02\/Dans-la-main-de-Bouddha-01.png 467w, https:\/\/slapps.fr\/sophany\/wp-content\/uploads\/2024\/02\/Dans-la-main-de-Bouddha-01-207x300.png 207w, https:\/\/slapps.fr\/sophany\/wp-content\/uploads\/2024\/02\/Dans-la-main-de-Bouddha-01-8x12.png 8w\" sizes=\"(max-width: 467px) 100vw, 467px\" \/><\/figure>\n\n\n\n<figure class=\"wp-block-image aligncenter size-full is-resized\"><img decoding=\"async\" width=\"412\" height=\"662\" src=\"https:\/\/slapps.fr\/sophany\/wp-content\/uploads\/2024\/02\/Dans-la-main-de-Bouddha-02.png\" alt=\"\" class=\"wp-image-1959\" style=\"width:514px;height:auto\" srcset=\"https:\/\/slapps.fr\/sophany\/wp-content\/uploads\/2024\/02\/Dans-la-main-de-Bouddha-02.png 412w, https:\/\/slapps.fr\/sophany\/wp-content\/uploads\/2024\/02\/Dans-la-main-de-Bouddha-02-187x300.png 187w, https:\/\/slapps.fr\/sophany\/wp-content\/uploads\/2024\/02\/Dans-la-main-de-Bouddha-02-7x12.png 7w\" sizes=\"(max-width: 412px) 100vw, 412px\" \/><\/figure>\n","protected":false},"excerpt":{"rendered":"<p>Commence \u00e0 lire ce bouquin en venant de Thaillande 12 F\u00e9vrier 2024 &#8211; Fin 25 F\u00e9vrier 2024 Une<\/p>\n","protected":false},"author":1,"featured_media":0,"parent":0,"menu_order":0,"comment_status":"closed","ping_status":"closed","template":"","meta":{"footnotes":""},"class_list":["post-1957","page","type-page","status-publish","hentry"],"jetpack_sharing_enabled":true,"_links":{"self":[{"href":"https:\/\/slapps.fr\/sophany\/wp-json\/wp\/v2\/pages\/1957","targetHints":{"allow":["GET"]}}],"collection":[{"href":"https:\/\/slapps.fr\/sophany\/wp-json\/wp\/v2\/pages"}],"about":[{"href":"https:\/\/slapps.fr\/sophany\/wp-json\/wp\/v2\/types\/page"}],"author":[{"embeddable":true,"href":"https:\/\/slapps.fr\/sophany\/wp-json\/wp\/v2\/users\/1"}],"replies":[{"embeddable":true,"href":"https:\/\/slapps.fr\/sophany\/wp-json\/wp\/v2\/comments?post=1957"}],"version-history":[{"count":2,"href":"https:\/\/slapps.fr\/sophany\/wp-json\/wp\/v2\/pages\/1957\/revisions"}],"predecessor-version":[{"id":1963,"href":"https:\/\/slapps.fr\/sophany\/wp-json\/wp\/v2\/pages\/1957\/revisions\/1963"}],"wp:attachment":[{"href":"https:\/\/slapps.fr\/sophany\/wp-json\/wp\/v2\/media?parent=1957"}],"curies":[{"name":"wp","href":"https:\/\/api.w.org\/{rel}","templated":true}]}}