{"id":1840,"date":"2024-01-11T14:26:16","date_gmt":"2024-01-11T14:26:16","guid":{"rendered":"https:\/\/slapps.fr\/sophany\/?page_id=1840"},"modified":"2024-02-25T17:15:15","modified_gmt":"2024-02-25T17:15:15","slug":"14-sur-linterpretation-des-re%cc%82ves","status":"publish","type":"page","link":"https:\/\/slapps.fr\/sophany\/14-sur-linterpretation-des-re%cc%82ves\/","title":{"rendered":"14. Sur l&rsquo;interpre\u0301tation des re\u0302ves"},"content":{"rendered":"\n<p class=\"has-text-align-center\">C.G. Jung<\/p>\n\n\n\n<p class=\"has-text-align-center\">14 D\u00e9cembre 2023 &#8211; 312 Pages &#8211; J&rsquo;arr\u00eate presque la moiti\u00e9 ce livre \u00e0 Bangkok car il parle trop de mort<\/p>\n\n\n\n<figure class=\"wp-block-image aligncenter size-full is-resized\"><img decoding=\"async\" width=\"238\" height=\"343\" src=\"https:\/\/slapps.fr\/sophany\/wp-content\/uploads\/2024\/01\/Sur-linterpretation-des-reves-001.png\" alt=\"\" class=\"wp-image-1841\" style=\"width:511px;height:auto\" srcset=\"https:\/\/slapps.fr\/sophany\/wp-content\/uploads\/2024\/01\/Sur-linterpretation-des-reves-001.png 238w, https:\/\/slapps.fr\/sophany\/wp-content\/uploads\/2024\/01\/Sur-linterpretation-des-reves-001-208x300.png 208w, https:\/\/slapps.fr\/sophany\/wp-content\/uploads\/2024\/01\/Sur-linterpretation-des-reves-001-8x12.png 8w\" sizes=\"(max-width: 238px) 100vw, 238px\" \/><\/figure>\n\n\n\n<figure class=\"wp-block-image aligncenter size-full is-resized\"><img decoding=\"async\" width=\"212\" height=\"332\" src=\"https:\/\/slapps.fr\/sophany\/wp-content\/uploads\/2024\/01\/Sur-linterpretation-des-reves-002.png\" alt=\"\" class=\"wp-image-1842\" style=\"width:508px;height:auto\" srcset=\"https:\/\/slapps.fr\/sophany\/wp-content\/uploads\/2024\/01\/Sur-linterpretation-des-reves-002.png 212w, https:\/\/slapps.fr\/sophany\/wp-content\/uploads\/2024\/01\/Sur-linterpretation-des-reves-002-192x300.png 192w, https:\/\/slapps.fr\/sophany\/wp-content\/uploads\/2024\/01\/Sur-linterpretation-des-reves-002-8x12.png 8w\" sizes=\"(max-width: 212px) 100vw, 212px\" \/><\/figure>\n","protected":false},"excerpt":{"rendered":"<p>C.G. Jung 14 D\u00e9cembre 2023 &#8211; 312 Pages &#8211; J&rsquo;arr\u00eate presque la moiti\u00e9 ce livre \u00e0 Bangkok car<\/p>\n","protected":false},"author":1,"featured_media":0,"parent":0,"menu_order":0,"comment_status":"open","ping_status":"closed","template":"","meta":{"footnotes":""},"class_list":["post-1840","page","type-page","status-publish","hentry"],"jetpack_sharing_enabled":true,"_links":{"self":[{"href":"https:\/\/slapps.fr\/sophany\/wp-json\/wp\/v2\/pages\/1840","targetHints":{"allow":["GET"]}}],"collection":[{"href":"https:\/\/slapps.fr\/sophany\/wp-json\/wp\/v2\/pages"}],"about":[{"href":"https:\/\/slapps.fr\/sophany\/wp-json\/wp\/v2\/types\/page"}],"author":[{"embeddable":true,"href":"https:\/\/slapps.fr\/sophany\/wp-json\/wp\/v2\/users\/1"}],"replies":[{"embeddable":true,"href":"https:\/\/slapps.fr\/sophany\/wp-json\/wp\/v2\/comments?post=1840"}],"version-history":[{"count":3,"href":"https:\/\/slapps.fr\/sophany\/wp-json\/wp\/v2\/pages\/1840\/revisions"}],"predecessor-version":[{"id":1956,"href":"https:\/\/slapps.fr\/sophany\/wp-json\/wp\/v2\/pages\/1840\/revisions\/1956"}],"wp:attachment":[{"href":"https:\/\/slapps.fr\/sophany\/wp-json\/wp\/v2\/media?parent=1840"}],"curies":[{"name":"wp","href":"https:\/\/api.w.org\/{rel}","templated":true}]}}