{"id":1734,"date":"2023-12-01T00:12:19","date_gmt":"2023-12-01T00:12:19","guid":{"rendered":"https:\/\/slapps.fr\/sophany\/?page_id=1734"},"modified":"2023-12-01T00:17:03","modified_gmt":"2023-12-01T00:17:03","slug":"8-le-gout-des-autres","status":"publish","type":"page","link":"https:\/\/slapps.fr\/sophany\/8-le-gout-des-autres\/","title":{"rendered":"8. Le go\u00fbt des autres"},"content":{"rendered":"\n<p class=\"has-text-align-center\"><strong>28 Avril 2023 ( 260 pages ) \u2013 29 mai 2023 ( Fin \u00e0 Tokyo )<\/strong><\/p>\n\n\n\n<p class=\"has-text-align-center\"><strong>Fran\u00e7oise H\u00e9ritier le go\u00fbt des autres<\/strong><\/p>\n\n\n\n<p class=\"has-text-align-center\"><strong>Anthropologue<\/strong><\/p>\n\n\n\n<p class=\"has-text-align-center\"><strong>ALBIN MICHEL<\/strong><\/p>\n\n\n\n<figure class=\"wp-block-image aligncenter size-full is-resized\"><img decoding=\"async\" width=\"271\" height=\"379\" src=\"https:\/\/slapps.fr\/sophany\/wp-content\/uploads\/2023\/12\/Le-gout-des-autres-02.png\" alt=\"\" class=\"wp-image-1737\" style=\"width:500px;height:auto\" srcset=\"https:\/\/slapps.fr\/sophany\/wp-content\/uploads\/2023\/12\/Le-gout-des-autres-02.png 271w, https:\/\/slapps.fr\/sophany\/wp-content\/uploads\/2023\/12\/Le-gout-des-autres-02-215x300.png 215w, https:\/\/slapps.fr\/sophany\/wp-content\/uploads\/2023\/12\/Le-gout-des-autres-02-9x12.png 9w\" sizes=\"(max-width: 271px) 100vw, 271px\" \/><\/figure>\n\n\n\n<figure class=\"wp-block-image aligncenter size-full is-resized\"><img decoding=\"async\" width=\"508\" height=\"687\" src=\"https:\/\/slapps.fr\/sophany\/wp-content\/uploads\/2023\/12\/Le-gout-des-autres02.png\" alt=\"\" class=\"wp-image-1739\" style=\"width:504px;height:auto\" srcset=\"https:\/\/slapps.fr\/sophany\/wp-content\/uploads\/2023\/12\/Le-gout-des-autres02.png 508w, https:\/\/slapps.fr\/sophany\/wp-content\/uploads\/2023\/12\/Le-gout-des-autres02-222x300.png 222w, https:\/\/slapps.fr\/sophany\/wp-content\/uploads\/2023\/12\/Le-gout-des-autres02-9x12.png 9w\" sizes=\"(max-width: 508px) 100vw, 508px\" \/><\/figure>\n","protected":false},"excerpt":{"rendered":"<p>28 Avril 2023 ( 260 pages ) \u2013 29 mai 2023 ( Fin \u00e0 Tokyo ) Fran\u00e7oise H\u00e9ritier<\/p>\n","protected":false},"author":1,"featured_media":0,"parent":0,"menu_order":0,"comment_status":"closed","ping_status":"closed","template":"","meta":{"footnotes":""},"class_list":["post-1734","page","type-page","status-publish","hentry"],"jetpack_sharing_enabled":true,"_links":{"self":[{"href":"https:\/\/slapps.fr\/sophany\/wp-json\/wp\/v2\/pages\/1734","targetHints":{"allow":["GET"]}}],"collection":[{"href":"https:\/\/slapps.fr\/sophany\/wp-json\/wp\/v2\/pages"}],"about":[{"href":"https:\/\/slapps.fr\/sophany\/wp-json\/wp\/v2\/types\/page"}],"author":[{"embeddable":true,"href":"https:\/\/slapps.fr\/sophany\/wp-json\/wp\/v2\/users\/1"}],"replies":[{"embeddable":true,"href":"https:\/\/slapps.fr\/sophany\/wp-json\/wp\/v2\/comments?post=1734"}],"version-history":[{"count":3,"href":"https:\/\/slapps.fr\/sophany\/wp-json\/wp\/v2\/pages\/1734\/revisions"}],"predecessor-version":[{"id":1740,"href":"https:\/\/slapps.fr\/sophany\/wp-json\/wp\/v2\/pages\/1734\/revisions\/1740"}],"wp:attachment":[{"href":"https:\/\/slapps.fr\/sophany\/wp-json\/wp\/v2\/media?parent=1734"}],"curies":[{"name":"wp","href":"https:\/\/api.w.org\/{rel}","templated":true}]}}