{"id":1591,"date":"2023-10-25T18:21:42","date_gmt":"2023-10-25T18:21:42","guid":{"rendered":"https:\/\/slapps.fr\/sophany\/?page_id=1591"},"modified":"2023-10-25T18:24:02","modified_gmt":"2023-10-25T18:24:02","slug":"17-memorial-a-notre-chere-maman","status":"publish","type":"page","link":"https:\/\/slapps.fr\/sophany\/17-memorial-a-notre-chere-maman\/","title":{"rendered":"17. M\u00e9morial \u00e0 notre ch\u00e8re maman"},"content":{"rendered":"","protected":true},"excerpt":{"rendered":"","protected":true},"author":1,"featured_media":0,"parent":0,"menu_order":0,"comment_status":"open","ping_status":"closed","template":"","meta":{"footnotes":""},"class_list":["post-1591","page","type-page","status-publish","post-password-required","hentry"],"jetpack_sharing_enabled":true,"_links":{"self":[{"href":"https:\/\/slapps.fr\/sophany\/wp-json\/wp\/v2\/pages\/1591","targetHints":{"allow":["GET"]}}],"collection":[{"href":"https:\/\/slapps.fr\/sophany\/wp-json\/wp\/v2\/pages"}],"about":[{"href":"https:\/\/slapps.fr\/sophany\/wp-json\/wp\/v2\/types\/page"}],"author":[{"embeddable":true,"href":"https:\/\/slapps.fr\/sophany\/wp-json\/wp\/v2\/users\/1"}],"replies":[{"embeddable":true,"href":"https:\/\/slapps.fr\/sophany\/wp-json\/wp\/v2\/comments?post=1591"}],"version-history":[{"count":1,"href":"https:\/\/slapps.fr\/sophany\/wp-json\/wp\/v2\/pages\/1591\/revisions"}],"predecessor-version":[{"id":1625,"href":"https:\/\/slapps.fr\/sophany\/wp-json\/wp\/v2\/pages\/1591\/revisions\/1625"}],"wp:attachment":[{"href":"https:\/\/slapps.fr\/sophany\/wp-json\/wp\/v2\/media?parent=1591"}],"curies":[{"name":"wp","href":"https:\/\/api.w.org\/{rel}","templated":true}]}}