{"id":1122,"date":"2023-05-23T15:32:25","date_gmt":"2023-05-23T15:32:25","guid":{"rendered":"https:\/\/slapps.fr\/sophany\/?page_id=1122"},"modified":"2023-09-12T12:33:47","modified_gmt":"2023-09-12T12:33:47","slug":"04-galerie-dessins","status":"publish","type":"page","link":"https:\/\/slapps.fr\/sophany\/04-galerie-dessins\/","title":{"rendered":"04-Galerie-Dessins-Japon"},"content":{"rendered":"\n<p class=\"has-text-align-center\">CARNET DE VOYAGE 2023 AU JAPON <\/p>\n\n\n\n<figure class=\"wp-block-image aligncenter size-large is-resized\"><img decoding=\"async\" src=\"https:\/\/slapps.fr\/sophany\/wp-content\/uploads\/2023\/05\/Tokyo01-768x1024.jpeg\" alt=\"\" class=\"wp-image-1123\" style=\"width:344px;height:459px\" width=\"344\" height=\"459\" srcset=\"https:\/\/slapps.fr\/sophany\/wp-content\/uploads\/2023\/05\/Tokyo01-768x1024.jpeg 768w, https:\/\/slapps.fr\/sophany\/wp-content\/uploads\/2023\/05\/Tokyo01-600x800.jpeg 600w, https:\/\/slapps.fr\/sophany\/wp-content\/uploads\/2023\/05\/Tokyo01-225x300.jpeg 225w, https:\/\/slapps.fr\/sophany\/wp-content\/uploads\/2023\/05\/Tokyo01-1152x1536.jpeg 1152w, https:\/\/slapps.fr\/sophany\/wp-content\/uploads\/2023\/05\/Tokyo01-9x12.jpeg 9w, https:\/\/slapps.fr\/sophany\/wp-content\/uploads\/2023\/05\/Tokyo01.jpeg 1536w\" sizes=\"(max-width: 344px) 100vw, 344px\" \/><\/figure>\n\n\n\n<p class=\"has-text-align-center\">Le 16 mai 2023, nous pr\u00e9voyons de partir de Paris pour vous rendre au Japon via Duba\u00ef.<\/p>\n\n\n\n<p class=\"has-text-align-center\">JAPON Le 17 mi 2023<\/p>\n\n\n\n<figure class=\"wp-block-image aligncenter size-large is-resized\"><img decoding=\"async\" src=\"https:\/\/slapps.fr\/sophany\/wp-content\/uploads\/2023\/05\/Tokyo02-768x1024.jpeg\" alt=\"\" class=\"wp-image-1124\" style=\"width:342px;height:456px\" width=\"342\" height=\"456\" srcset=\"https:\/\/slapps.fr\/sophany\/wp-content\/uploads\/2023\/05\/Tokyo02-768x1024.jpeg 768w, https:\/\/slapps.fr\/sophany\/wp-content\/uploads\/2023\/05\/Tokyo02-600x800.jpeg 600w, https:\/\/slapps.fr\/sophany\/wp-content\/uploads\/2023\/05\/Tokyo02-225x300.jpeg 225w, https:\/\/slapps.fr\/sophany\/wp-content\/uploads\/2023\/05\/Tokyo02-1152x1536.jpeg 1152w, https:\/\/slapps.fr\/sophany\/wp-content\/uploads\/2023\/05\/Tokyo02-9x12.jpeg 9w, https:\/\/slapps.fr\/sophany\/wp-content\/uploads\/2023\/05\/Tokyo02.jpeg 1536w\" sizes=\"(max-width: 342px) 100vw, 342px\" \/><\/figure>\n\n\n\n<p>Le march\u00e9 populaire d&rsquo;Ueno est un lieu anim\u00e9 et dynamique situ\u00e9 dans le quartier d&rsquo;Ueno \u00e0 Tokyo, au Japon. Il est connu pour son ambiance vibrante et son large \u00e9ventail de produits locaux, de produits alimentaires frais, de v\u00eatements, d&rsquo;accessoires et bien plus encore.<\/p>\n\n\n\n<p>Les visiteurs du march\u00e9 populaire d&rsquo;Ueno peuvent se promener dans les all\u00e9es color\u00e9es, d\u00e9couvrir une vari\u00e9t\u00e9 de stands et de boutiques, et profiter de l&rsquo;atmosph\u00e8re anim\u00e9e. Vous y trouverez une multitude de produits, allant des fruits et l\u00e9gumes frais aux poissons et fruits de mer, en passant par des articles de mode, des souvenirs, des produits artisanaux et des friandises locales.<\/p>\n\n\n\n<p>Le march\u00e9 d&rsquo;Ueno est \u00e9galement r\u00e9put\u00e9 pour ses d\u00e9licieux stands de nourriture de rue, proposant une vari\u00e9t\u00e9 de plats japonais authentiques, tels que des sushi, des tempura, des yakitori, des okonomiyaki et bien d&rsquo;autres sp\u00e9cialit\u00e9s r\u00e9gionales.<\/p>\n\n\n\n<p>De plus, \u00e0 proximit\u00e9 du march\u00e9 d&rsquo;Ueno, vous trouverez des attractions populaires telles que le parc d&rsquo;Ueno, le zoo d&rsquo;Ueno, le mus\u00e9e national de Tokyo et plusieurs temples historiques.<\/p>\n\n\n\n<figure class=\"wp-block-image aligncenter size-large is-resized\"><img decoding=\"async\" src=\"https:\/\/slapps.fr\/sophany\/wp-content\/uploads\/2023\/05\/Tokyo04-768x1024.jpeg\" alt=\"\" class=\"wp-image-1126\" style=\"width:340px;height:453px\" width=\"340\" height=\"453\" srcset=\"https:\/\/slapps.fr\/sophany\/wp-content\/uploads\/2023\/05\/Tokyo04-768x1024.jpeg 768w, https:\/\/slapps.fr\/sophany\/wp-content\/uploads\/2023\/05\/Tokyo04-600x800.jpeg 600w, https:\/\/slapps.fr\/sophany\/wp-content\/uploads\/2023\/05\/Tokyo04-225x300.jpeg 225w, https:\/\/slapps.fr\/sophany\/wp-content\/uploads\/2023\/05\/Tokyo04-1152x1536.jpeg 1152w, https:\/\/slapps.fr\/sophany\/wp-content\/uploads\/2023\/05\/Tokyo04-9x12.jpeg 9w, https:\/\/slapps.fr\/sophany\/wp-content\/uploads\/2023\/05\/Tokyo04.jpeg 1536w\" sizes=\"(max-width: 340px) 100vw, 340px\" \/><\/figure>\n\n\n\n<p class=\"has-text-align-center\">Shopping pr\u00e8s de la station de m\u00e9tro Shinagawa, ligne G, sous la pluie le mardi 23 mai 2023<\/p>\n\n\n\n<figure class=\"wp-block-image aligncenter size-large is-resized\"><img decoding=\"async\" src=\"https:\/\/slapps.fr\/sophany\/wp-content\/uploads\/2023\/05\/Tokyo03-1-768x1024.jpeg\" alt=\"\" class=\"wp-image-1127\" style=\"width:336px;height:448px\" width=\"336\" height=\"448\" srcset=\"https:\/\/slapps.fr\/sophany\/wp-content\/uploads\/2023\/05\/Tokyo03-1-768x1024.jpeg 768w, https:\/\/slapps.fr\/sophany\/wp-content\/uploads\/2023\/05\/Tokyo03-1-600x800.jpeg 600w, https:\/\/slapps.fr\/sophany\/wp-content\/uploads\/2023\/05\/Tokyo03-1-225x300.jpeg 225w, https:\/\/slapps.fr\/sophany\/wp-content\/uploads\/2023\/05\/Tokyo03-1-1152x1536.jpeg 1152w, https:\/\/slapps.fr\/sophany\/wp-content\/uploads\/2023\/05\/Tokyo03-1-9x12.jpeg 9w, https:\/\/slapps.fr\/sophany\/wp-content\/uploads\/2023\/05\/Tokyo03-1.jpeg 1536w\" sizes=\"(max-width: 336px) 100vw, 336px\" \/><\/figure>\n\n\n\n<p class=\"has-text-align-center\">Le temple de Asakusa, \u00e9galement connu sous le nom de Senso-ji, est un c\u00e9l\u00e8bre temple bouddhiste situ\u00e9 dans le quartier d&rsquo;Asakusa \u00e0 Tokyo, au Japon. Il est l&rsquo;un des sites les plus visit\u00e9s de la ville et un symbole culturel important.<\/p>\n","protected":false},"excerpt":{"rendered":"<p>CARNET DE VOYAGE 2023 AU JAPON Le 16 mai 2023, nous pr\u00e9voyons de partir de Paris pour vous<\/p>\n","protected":false},"author":1,"featured_media":0,"parent":0,"menu_order":0,"comment_status":"open","ping_status":"closed","template":"","meta":{"footnotes":""},"class_list":["post-1122","page","type-page","status-publish","hentry"],"jetpack_sharing_enabled":true,"_links":{"self":[{"href":"https:\/\/slapps.fr\/sophany\/wp-json\/wp\/v2\/pages\/1122","targetHints":{"allow":["GET"]}}],"collection":[{"href":"https:\/\/slapps.fr\/sophany\/wp-json\/wp\/v2\/pages"}],"about":[{"href":"https:\/\/slapps.fr\/sophany\/wp-json\/wp\/v2\/types\/page"}],"author":[{"embeddable":true,"href":"https:\/\/slapps.fr\/sophany\/wp-json\/wp\/v2\/users\/1"}],"replies":[{"embeddable":true,"href":"https:\/\/slapps.fr\/sophany\/wp-json\/wp\/v2\/comments?post=1122"}],"version-history":[{"count":3,"href":"https:\/\/slapps.fr\/sophany\/wp-json\/wp\/v2\/pages\/1122\/revisions"}],"predecessor-version":[{"id":1276,"href":"https:\/\/slapps.fr\/sophany\/wp-json\/wp\/v2\/pages\/1122\/revisions\/1276"}],"wp:attachment":[{"href":"https:\/\/slapps.fr\/sophany\/wp-json\/wp\/v2\/media?parent=1122"}],"curies":[{"name":"wp","href":"https:\/\/api.w.org\/{rel}","templated":true}]}}