{"id":757,"date":"2026-03-12T19:00:29","date_gmt":"2026-03-12T18:00:29","guid":{"rendered":"https:\/\/slapps.fr\/sophany-aquarelle\/?page_id=757"},"modified":"2026-03-12T19:21:22","modified_gmt":"2026-03-12T18:21:22","slug":"kampong-svay","status":"publish","type":"page","link":"https:\/\/slapps.fr\/sophany-aquarelle\/kampong-svay\/","title":{"rendered":"3. Kampong Svay-Cambodge-Ipad"},"content":{"rendered":"<div class=\"wp-block-image\">\n<figure class=\"aligncenter size-large\"><img loading=\"lazy\" decoding=\"async\" width=\"768\" height=\"1024\" src=\"https:\/\/slapps.fr\/sophany-aquarelle\/wp-content\/uploads\/2026\/03\/Ipad-Dessin-Kampong-Svay-768x1024.jpg\" alt=\"\" class=\"wp-image-758\" style=\"aspect-ratio:0.7500127936134282\" srcset=\"https:\/\/slapps.fr\/sophany-aquarelle\/wp-content\/uploads\/2026\/03\/Ipad-Dessin-Kampong-Svay-768x1024.jpg 768w, https:\/\/slapps.fr\/sophany-aquarelle\/wp-content\/uploads\/2026\/03\/Ipad-Dessin-Kampong-Svay-225x300.jpg 225w, https:\/\/slapps.fr\/sophany-aquarelle\/wp-content\/uploads\/2026\/03\/Ipad-Dessin-Kampong-Svay-1152x1536.jpg 1152w, https:\/\/slapps.fr\/sophany-aquarelle\/wp-content\/uploads\/2026\/03\/Ipad-Dessin-Kampong-Svay-1536x2048.jpg 1536w, https:\/\/slapps.fr\/sophany-aquarelle\/wp-content\/uploads\/2026\/03\/Ipad-Dessin-Kampong-Svay.jpg 1668w\" sizes=\"auto, (max-width: 768px) 100vw, 768px\" \/><\/figure>\n<\/div>\n\n\n<p class=\"has-text-align-center\"><strong>Souvenir du village de Kampong Svay<\/strong><\/p>\n\n\n\n<p>Cette \u0153uvre est inspir\u00e9e du village de Kampong Svay, situ\u00e9 dans la province de Kampong Thom au Cambodge. C\u2019est un lieu tr\u00e8s important dans mon histoire personnelle, car j\u2019y ai pass\u00e9 une partie de mon enfance aupr\u00e8s de ma grand-m\u00e8re biologique.<\/p>\n\n\n\n<p>Les paysages de la campagne cambodgienne, les rizi\u00e8res, les maisons traditionnelles et la vie du village ont profond\u00e9ment marqu\u00e9 mes souvenirs. \u00c0 travers ce tableau, je souhaite partager une partie de cette m\u00e9moire et rendre hommage \u00e0 ces moments simples mais pr\u00e9cieux.<\/p>\n\n\n\n<p>L\u2019\u0153uvre est r\u00e9alis\u00e9e en dessin num\u00e9rique sur iPad avec l\u2019Apple Pencil. Cette technique me permet de combiner la pr\u00e9cision du num\u00e9rique avec la sensibilit\u00e9 du dessin traditionnel.<\/p>\n\n\n\n<p class=\"has-text-align-center\">Mon travail artistique s\u2019inspire de mes souvenirs, de mes origines et de mon imagination. Chaque cr\u00e9ation raconte une histoire et cherche \u00e0 transmettre une \u00e9motion li\u00e9e \u00e0 mon enfance et \u00e0 mes racines.<\/p>\n\n\n\n<p>\u00a9 Sophany Luong-12032026-#AI<\/p>\n\n\n\n<p><\/p>\n","protected":false},"excerpt":{"rendered":"<p>Souvenir du village de Kampong Svay Cette \u0153uvre est inspir\u00e9e du village de Kampong Svay, situ\u00e9 dans la province de Kampong Thom au Cambodge. C\u2019est un lieu tr\u00e8s important dans mon histoire personnelle, car j\u2019y ai pass\u00e9 une partie de mon enfance aupr\u00e8s de ma grand-m\u00e8re biologique. Les paysages de la campagne cambodgienne, les rizi\u00e8res, &hellip; <a href=\"https:\/\/slapps.fr\/sophany-aquarelle\/kampong-svay\/\" class=\"more-link\">Continuer la lecture de <span class=\"screen-reader-text\">3. Kampong Svay-Cambodge-Ipad<\/span>  <span class=\"meta-nav\">&rarr;<\/span><\/a><\/p>\n","protected":false},"author":1,"featured_media":0,"parent":0,"menu_order":0,"comment_status":"open","ping_status":"closed","template":"","meta":{"footnotes":""},"class_list":["post-757","page","type-page","status-publish","hentry"],"_links":{"self":[{"href":"https:\/\/slapps.fr\/sophany-aquarelle\/wp-json\/wp\/v2\/pages\/757","targetHints":{"allow":["GET"]}}],"collection":[{"href":"https:\/\/slapps.fr\/sophany-aquarelle\/wp-json\/wp\/v2\/pages"}],"about":[{"href":"https:\/\/slapps.fr\/sophany-aquarelle\/wp-json\/wp\/v2\/types\/page"}],"author":[{"embeddable":true,"href":"https:\/\/slapps.fr\/sophany-aquarelle\/wp-json\/wp\/v2\/users\/1"}],"replies":[{"embeddable":true,"href":"https:\/\/slapps.fr\/sophany-aquarelle\/wp-json\/wp\/v2\/comments?post=757"}],"version-history":[{"count":4,"href":"https:\/\/slapps.fr\/sophany-aquarelle\/wp-json\/wp\/v2\/pages\/757\/revisions"}],"predecessor-version":[{"id":763,"href":"https:\/\/slapps.fr\/sophany-aquarelle\/wp-json\/wp\/v2\/pages\/757\/revisions\/763"}],"wp:attachment":[{"href":"https:\/\/slapps.fr\/sophany-aquarelle\/wp-json\/wp\/v2\/media?parent=757"}],"curies":[{"name":"wp","href":"https:\/\/api.w.org\/{rel}","templated":true}]}}