{"id":735,"date":"2026-03-10T20:15:13","date_gmt":"2026-03-10T19:15:13","guid":{"rendered":"https:\/\/slapps.fr\/sophany-aquarelle\/?page_id=735"},"modified":"2026-03-10T20:15:13","modified_gmt":"2026-03-10T19:15:13","slug":"ipad","status":"publish","type":"page","link":"https:\/\/slapps.fr\/sophany-aquarelle\/ipad\/","title":{"rendered":"IPAD"},"content":{"rendered":"\n<p class=\"has-text-align-center\">Voici la page web sur laquelle je dessine sur iPad avec mon doigt ou avec l\u2019Apple Pencil. Ce n\u2019est donc pas de l\u2019aquarelle. Merci de bien vouloir consulter plut\u00f4t les rubriques consacr\u00e9es \u00e0 l\u2019aquarelle. Merci de votre compr\u00e9hension.<\/p>\n\n\n\n<p><\/p>\n","protected":false},"excerpt":{"rendered":"<p>Voici la page web sur laquelle je dessine sur iPad avec mon doigt ou avec l\u2019Apple Pencil. Ce n\u2019est donc pas de l\u2019aquarelle. Merci de bien vouloir consulter plut\u00f4t les rubriques consacr\u00e9es \u00e0 l\u2019aquarelle. Merci de votre compr\u00e9hension.<\/p>\n","protected":false},"author":1,"featured_media":0,"parent":0,"menu_order":0,"comment_status":"closed","ping_status":"closed","template":"","meta":{"footnotes":""},"class_list":["post-735","page","type-page","status-publish","hentry"],"_links":{"self":[{"href":"https:\/\/slapps.fr\/sophany-aquarelle\/wp-json\/wp\/v2\/pages\/735","targetHints":{"allow":["GET"]}}],"collection":[{"href":"https:\/\/slapps.fr\/sophany-aquarelle\/wp-json\/wp\/v2\/pages"}],"about":[{"href":"https:\/\/slapps.fr\/sophany-aquarelle\/wp-json\/wp\/v2\/types\/page"}],"author":[{"embeddable":true,"href":"https:\/\/slapps.fr\/sophany-aquarelle\/wp-json\/wp\/v2\/users\/1"}],"replies":[{"embeddable":true,"href":"https:\/\/slapps.fr\/sophany-aquarelle\/wp-json\/wp\/v2\/comments?post=735"}],"version-history":[{"count":1,"href":"https:\/\/slapps.fr\/sophany-aquarelle\/wp-json\/wp\/v2\/pages\/735\/revisions"}],"predecessor-version":[{"id":737,"href":"https:\/\/slapps.fr\/sophany-aquarelle\/wp-json\/wp\/v2\/pages\/735\/revisions\/737"}],"wp:attachment":[{"href":"https:\/\/slapps.fr\/sophany-aquarelle\/wp-json\/wp\/v2\/media?parent=735"}],"curies":[{"name":"wp","href":"https:\/\/api.w.org\/{rel}","templated":true}]}}