{"id":608,"date":"2025-10-26T19:10:15","date_gmt":"2025-10-26T18:10:15","guid":{"rendered":"https:\/\/slapps.fr\/sophany-aquarelle\/?page_id=608"},"modified":"2025-10-26T19:25:27","modified_gmt":"2025-10-26T18:25:27","slug":"le-souffle-du-couchant-sur-angkor-thom","status":"publish","type":"page","link":"https:\/\/slapps.fr\/sophany-aquarelle\/le-souffle-du-couchant-sur-angkor-thom\/","title":{"rendered":"Le Souffle du couchant sur Angkor-Wat"},"content":{"rendered":"<div class=\"wp-block-image\">\n<figure class=\"aligncenter size-full\"><img loading=\"lazy\" decoding=\"async\" width=\"700\" height=\"513\" src=\"https:\/\/slapps.fr\/sophany-aquarelle\/wp-content\/uploads\/2025\/10\/Dessin-033-Angkok-wat-02-1.png\" alt=\"\" class=\"wp-image-609\" srcset=\"https:\/\/slapps.fr\/sophany-aquarelle\/wp-content\/uploads\/2025\/10\/Dessin-033-Angkok-wat-02-1.png 700w, https:\/\/slapps.fr\/sophany-aquarelle\/wp-content\/uploads\/2025\/10\/Dessin-033-Angkok-wat-02-1-300x220.png 300w\" sizes=\"auto, (max-width: 700px) 100vw, 700px\" \/><\/figure>\n<\/div>\n\n\n<p class=\"has-text-align-center\"><strong>#033<\/strong><\/p>\n\n\n\n<p class=\"has-text-align-center\"><strong><a href=\"https:\/\/slapps.fr\/sophany-aquarelle\/tableau-033\/\">A VENDRE <\/a><\/strong><\/p>\n\n\n\n<p>Un soir, le soleil s\u2019est doucement couch\u00e9 derri\u00e8re les tours d\u2019<strong>Angkor <\/strong>Wat,<br>enveloppant les pierres anciennes d\u2019une lumi\u00e8re dor\u00e9e.<br>Le ciel, apais\u00e9, se teintait d\u2019orange et de rose,<br>tandis que le vent murmurait \u00e0 travers les palmiers.<\/p>\n\n\n\n<p>En venant de <strong>Kbal Spean<\/strong>, nous sommes arriv\u00e9s juste \u00e0 temps<br>pour contempler cette sc\u00e8ne d\u2019\u00e9ternit\u00e9.<\/p>\n\n\n\n<p>C\u2019\u00e9tait la <strong>troisi\u00e8me fois<\/strong> que je d\u00e9couvrais ce monument avec ma petite famille,<br>mais l\u2019\u00e9motion, elle, restait intacte \u2014<br>toujours la m\u00eame admiration, la m\u00eame paix int\u00e9rieure.<\/p>\n\n\n\n<p>Voici mon <strong>aquarelle<\/strong>, souvenir d\u2019un instant suspendu<br>entre la beaut\u00e9 du monde et la m\u00e9moire du c\u0153ur.<\/p>\n\n\n\n<p class=\"has-text-align-center\">\u00a9 Sophany-CGT 26102025<\/p>\n","protected":false},"excerpt":{"rendered":"<p>#033 A VENDRE Un soir, le soleil s\u2019est doucement couch\u00e9 derri\u00e8re les tours d\u2019Angkor Wat,enveloppant les pierres anciennes d\u2019une lumi\u00e8re dor\u00e9e.Le ciel, apais\u00e9, se teintait d\u2019orange et de rose,tandis que le vent murmurait \u00e0 travers les palmiers. En venant de Kbal Spean, nous sommes arriv\u00e9s juste \u00e0 tempspour contempler cette sc\u00e8ne d\u2019\u00e9ternit\u00e9. C\u2019\u00e9tait la troisi\u00e8me &hellip; <a href=\"https:\/\/slapps.fr\/sophany-aquarelle\/le-souffle-du-couchant-sur-angkor-thom\/\" class=\"more-link\">Continuer la lecture de <span class=\"screen-reader-text\">Le Souffle du couchant sur Angkor-Wat<\/span>  <span class=\"meta-nav\">&rarr;<\/span><\/a><\/p>\n","protected":false},"author":1,"featured_media":0,"parent":0,"menu_order":0,"comment_status":"open","ping_status":"closed","template":"","meta":{"footnotes":""},"class_list":["post-608","page","type-page","status-publish","hentry"],"_links":{"self":[{"href":"https:\/\/slapps.fr\/sophany-aquarelle\/wp-json\/wp\/v2\/pages\/608","targetHints":{"allow":["GET"]}}],"collection":[{"href":"https:\/\/slapps.fr\/sophany-aquarelle\/wp-json\/wp\/v2\/pages"}],"about":[{"href":"https:\/\/slapps.fr\/sophany-aquarelle\/wp-json\/wp\/v2\/types\/page"}],"author":[{"embeddable":true,"href":"https:\/\/slapps.fr\/sophany-aquarelle\/wp-json\/wp\/v2\/users\/1"}],"replies":[{"embeddable":true,"href":"https:\/\/slapps.fr\/sophany-aquarelle\/wp-json\/wp\/v2\/comments?post=608"}],"version-history":[{"count":5,"href":"https:\/\/slapps.fr\/sophany-aquarelle\/wp-json\/wp\/v2\/pages\/608\/revisions"}],"predecessor-version":[{"id":620,"href":"https:\/\/slapps.fr\/sophany-aquarelle\/wp-json\/wp\/v2\/pages\/608\/revisions\/620"}],"wp:attachment":[{"href":"https:\/\/slapps.fr\/sophany-aquarelle\/wp-json\/wp\/v2\/media?parent=608"}],"curies":[{"name":"wp","href":"https:\/\/api.w.org\/{rel}","templated":true}]}}