{"id":582,"date":"2025-10-23T19:07:51","date_gmt":"2025-10-23T17:07:51","guid":{"rendered":"https:\/\/slapps.fr\/sophany-aquarelle\/?page_id=582"},"modified":"2025-10-23T19:27:59","modified_gmt":"2025-10-23T17:27:59","slug":"rhodes-2009","status":"publish","type":"page","link":"https:\/\/slapps.fr\/sophany-aquarelle\/rhodes-2009\/","title":{"rendered":"Rhodes-2009"},"content":{"rendered":"<div class=\"wp-block-image\">\n<figure class=\"aligncenter size-full is-resized\"><img loading=\"lazy\" decoding=\"async\" width=\"499\" height=\"665\" src=\"https:\/\/slapps.fr\/sophany-aquarelle\/wp-content\/uploads\/2025\/10\/Dessin-031-Rhodes-1.png\" alt=\"\" class=\"wp-image-583\" style=\"width:419px;height:auto\" srcset=\"https:\/\/slapps.fr\/sophany-aquarelle\/wp-content\/uploads\/2025\/10\/Dessin-031-Rhodes-1.png 499w, https:\/\/slapps.fr\/sophany-aquarelle\/wp-content\/uploads\/2025\/10\/Dessin-031-Rhodes-1-225x300.png 225w\" sizes=\"auto, (max-width: 499px) 100vw, 499px\" \/><\/figure>\n<\/div>\n\n\n<p class=\"has-text-align-center\">#031<\/p>\n\n\n\n<p class=\"has-text-align-center\"><strong><a href=\"https:\/\/slapps.fr\/sophany-aquarelle\/tableau-031\/\">A VENDRE<\/a><\/strong><\/p>\n\n\n\n<p class=\"has-text-align-center\"><strong>Rhodes \u2013 2009<\/strong><\/p>\n\n\n\n<p class=\"has-text-align-left\">Cette aquarelle repr\u00e9sente un souvenir pr\u00e9cieux de notre voyage \u00e0 Rhodes.<br>Nous \u00e9tions l\u00e0 pour un meeting de Chevalier, avec mes deux petites s\u0153urs.<br>Nous avons fl\u00e2n\u00e9 dans la vieille ville, sous le soleil \u00e9clatant, entre les ruelles pav\u00e9es et les murs dor\u00e9s par le temps.<br>Malgr\u00e9 la douleur de mon genou, encore fragile apr\u00e8s une op\u00e9ration pour remplacer le ligament droit, j\u2019ai nag\u00e9 dans la mer ti\u00e8de, savourant la lumi\u00e8re et la chaleur de l\u2019\u00e9t\u00e9 grec.<br>Un moment simple, heureux, et plein de tendresse \u2014 un beau souvenir de famille.<\/p>\n\n\n\n<p class=\"has-text-align-center\">\u00a9 Sophany-CGT-23102025<\/p>\n\n\n\n<p><\/p>\n","protected":false},"excerpt":{"rendered":"<p>#031 A VENDRE Rhodes \u2013 2009 Cette aquarelle repr\u00e9sente un souvenir pr\u00e9cieux de notre voyage \u00e0 Rhodes.Nous \u00e9tions l\u00e0 pour un meeting de Chevalier, avec mes deux petites s\u0153urs.Nous avons fl\u00e2n\u00e9 dans la vieille ville, sous le soleil \u00e9clatant, entre les ruelles pav\u00e9es et les murs dor\u00e9s par le temps.Malgr\u00e9 la douleur de mon genou, &hellip; <a href=\"https:\/\/slapps.fr\/sophany-aquarelle\/rhodes-2009\/\" class=\"more-link\">Continuer la lecture de <span class=\"screen-reader-text\">Rhodes-2009<\/span>  <span class=\"meta-nav\">&rarr;<\/span><\/a><\/p>\n","protected":false},"author":1,"featured_media":0,"parent":0,"menu_order":0,"comment_status":"open","ping_status":"closed","template":"","meta":{"footnotes":""},"class_list":["post-582","page","type-page","status-publish","hentry"],"_links":{"self":[{"href":"https:\/\/slapps.fr\/sophany-aquarelle\/wp-json\/wp\/v2\/pages\/582","targetHints":{"allow":["GET"]}}],"collection":[{"href":"https:\/\/slapps.fr\/sophany-aquarelle\/wp-json\/wp\/v2\/pages"}],"about":[{"href":"https:\/\/slapps.fr\/sophany-aquarelle\/wp-json\/wp\/v2\/types\/page"}],"author":[{"embeddable":true,"href":"https:\/\/slapps.fr\/sophany-aquarelle\/wp-json\/wp\/v2\/users\/1"}],"replies":[{"embeddable":true,"href":"https:\/\/slapps.fr\/sophany-aquarelle\/wp-json\/wp\/v2\/comments?post=582"}],"version-history":[{"count":4,"href":"https:\/\/slapps.fr\/sophany-aquarelle\/wp-json\/wp\/v2\/pages\/582\/revisions"}],"predecessor-version":[{"id":592,"href":"https:\/\/slapps.fr\/sophany-aquarelle\/wp-json\/wp\/v2\/pages\/582\/revisions\/592"}],"wp:attachment":[{"href":"https:\/\/slapps.fr\/sophany-aquarelle\/wp-json\/wp\/v2\/media?parent=582"}],"curies":[{"name":"wp","href":"https:\/\/api.w.org\/{rel}","templated":true}]}}