{"id":515,"date":"2025-10-20T17:23:06","date_gmt":"2025-10-20T15:23:06","guid":{"rendered":"https:\/\/slapps.fr\/sophany-aquarelle\/?page_id=515"},"modified":"2025-10-20T17:34:09","modified_gmt":"2025-10-20T15:34:09","slug":"temple-du-bouddha","status":"publish","type":"page","link":"https:\/\/slapps.fr\/sophany-aquarelle\/temple-du-bouddha\/","title":{"rendered":"Temple du Bouddha"},"content":{"rendered":"<div class=\"wp-block-image\">\n<figure class=\"aligncenter size-full is-resized\"><img loading=\"lazy\" decoding=\"async\" width=\"468\" height=\"646\" src=\"https:\/\/slapps.fr\/sophany-aquarelle\/wp-content\/uploads\/2025\/10\/Dessin-027-1-Temple-du-BouddhaJPG.png\" alt=\"\" class=\"wp-image-516\" style=\"width:404px;height:auto\" srcset=\"https:\/\/slapps.fr\/sophany-aquarelle\/wp-content\/uploads\/2025\/10\/Dessin-027-1-Temple-du-BouddhaJPG.png 468w, https:\/\/slapps.fr\/sophany-aquarelle\/wp-content\/uploads\/2025\/10\/Dessin-027-1-Temple-du-BouddhaJPG-217x300.png 217w\" sizes=\"auto, (max-width: 468px) 100vw, 468px\" \/><\/figure>\n<\/div>\n\n\n<p class=\"has-text-align-center\">#027<\/p>\n\n\n\n<p class=\"has-text-align-center\"><strong><a href=\"https:\/\/slapps.fr\/sophany-aquarelle\/tableau-027\/\">A VENDRE<\/a><\/strong><\/p>\n\n\n\n<p class=\"has-text-align-center\">Aquarelle unique repr\u00e9sentant le temple du Bayon, c\u00e9l\u00e8bre pour ses visages sculpt\u00e9s \u00e0 Angkor Thom, Cambodge.<\/p>\n\n\n\n<p class=\"has-text-align-center\">Couleurs chaudes et ambiance mystique, id\u00e9ale pour une d\u00e9co inspirante et d\u00e9paysante.<\/p>\n\n\n\n<p class=\"has-text-align-center\"><strong># Sophany-CGT 20102025<\/strong><\/p>\n\n\n\n<p><\/p>\n","protected":false},"excerpt":{"rendered":"<p>#027 A VENDRE Aquarelle unique repr\u00e9sentant le temple du Bayon, c\u00e9l\u00e8bre pour ses visages sculpt\u00e9s \u00e0 Angkor Thom, Cambodge. Couleurs chaudes et ambiance mystique, id\u00e9ale pour une d\u00e9co inspirante et d\u00e9paysante. # Sophany-CGT 20102025<\/p>\n","protected":false},"author":1,"featured_media":0,"parent":0,"menu_order":0,"comment_status":"open","ping_status":"closed","template":"","meta":{"footnotes":""},"class_list":["post-515","page","type-page","status-publish","hentry"],"_links":{"self":[{"href":"https:\/\/slapps.fr\/sophany-aquarelle\/wp-json\/wp\/v2\/pages\/515","targetHints":{"allow":["GET"]}}],"collection":[{"href":"https:\/\/slapps.fr\/sophany-aquarelle\/wp-json\/wp\/v2\/pages"}],"about":[{"href":"https:\/\/slapps.fr\/sophany-aquarelle\/wp-json\/wp\/v2\/types\/page"}],"author":[{"embeddable":true,"href":"https:\/\/slapps.fr\/sophany-aquarelle\/wp-json\/wp\/v2\/users\/1"}],"replies":[{"embeddable":true,"href":"https:\/\/slapps.fr\/sophany-aquarelle\/wp-json\/wp\/v2\/comments?post=515"}],"version-history":[{"count":3,"href":"https:\/\/slapps.fr\/sophany-aquarelle\/wp-json\/wp\/v2\/pages\/515\/revisions"}],"predecessor-version":[{"id":525,"href":"https:\/\/slapps.fr\/sophany-aquarelle\/wp-json\/wp\/v2\/pages\/515\/revisions\/525"}],"wp:attachment":[{"href":"https:\/\/slapps.fr\/sophany-aquarelle\/wp-json\/wp\/v2\/media?parent=515"}],"curies":[{"name":"wp","href":"https:\/\/api.w.org\/{rel}","templated":true}]}}