{"id":454,"date":"2025-10-14T16:16:02","date_gmt":"2025-10-14T14:16:02","guid":{"rendered":"https:\/\/slapps.fr\/sophany-aquarelle\/?page_id=454"},"modified":"2025-10-14T16:46:57","modified_gmt":"2025-10-14T14:46:57","slug":"genocide-des-khmers-rouges-025","status":"publish","type":"page","link":"https:\/\/slapps.fr\/sophany-aquarelle\/genocide-des-khmers-rouges-025\/","title":{"rendered":"GENOCIDE DES KHMERS ROUGES-003"},"content":{"rendered":"\n<p class=\"has-text-align-center\">#024<\/p>\n\n\n\n<p class=\"has-text-align-center\"><strong><a href=\"https:\/\/slapps.fr\/sophany-aquarelle\/tableau-024\/\">A VENDRE<\/a><\/strong><\/p>\n\n\n<div class=\"wp-block-image\">\n<figure class=\"aligncenter size-full is-resized\"><img loading=\"lazy\" decoding=\"async\" width=\"490\" height=\"652\" src=\"https:\/\/slapps.fr\/sophany-aquarelle\/wp-content\/uploads\/2025\/10\/Dessin-024-Genocide-des-Khmers-rouges-3-1.png\" alt=\"\" class=\"wp-image-455\" style=\"width:399px;height:auto\" srcset=\"https:\/\/slapps.fr\/sophany-aquarelle\/wp-content\/uploads\/2025\/10\/Dessin-024-Genocide-des-Khmers-rouges-3-1.png 490w, https:\/\/slapps.fr\/sophany-aquarelle\/wp-content\/uploads\/2025\/10\/Dessin-024-Genocide-des-Khmers-rouges-3-1-225x300.png 225w\" sizes=\"auto, (max-width: 490px) 100vw, 490px\" \/><\/figure>\n<\/div>\n\n\n<p class=\"has-text-align-center\">L\u2019\u00e9vacuation de Phnom Penh, 17 avril 1975<\/p>\n\n\n\n<p class=\"has-text-align-center\">Cette aquarelle en noir et gris illustre une sc\u00e8ne marquante de l\u2019histoire cambodgienne : <strong>l\u2019\u00e9vacuation forc\u00e9e de Phnom Penh<\/strong> par les Khmers rouges. Au premier plan, des soldats arm\u00e9s encadrent une longue colonne de civils, contraints de quitter la ville \u00e0 pied, en silence, vers un avenir incertain. Leurs silhouettes anonymes avancent sur ce qui deviendra <strong>\u00ab la route de la mort \u00bb<\/strong>, un exode impos\u00e9 qui co\u00fbta la vie \u00e0 des milliers de personnes.<\/p>\n\n\n\n<p class=\"has-text-align-center\">Les immeubles d\u00e9sert\u00e9s, le ciel gris et les rues vides donnent une impression d\u2019abandon et de fin du monde. \u00c0 l\u2019arri\u00e8re-plan, un b\u00e2timent au style traditionnel rappelle l\u2019identit\u00e9 culturelle du pays, \u00e9cras\u00e9e par l\u2019id\u00e9ologie du r\u00e9gime. L\u2019usage limit\u00e9 de couleurs et le style fluide de l\u2019aquarelle traduisent parfaitement le climat de peur, de d\u00e9sespoir et de perte d\u2019humanit\u00e9.<\/p>\n\n\n\n<p class=\"has-text-align-center\">Le 17 avril 1975, les Khmers rouges prennent le pouvoir au Cambodge et ordonnent <strong>l\u2019\u00e9vacuation imm\u00e9diate de Phnom Penh<\/strong>, la capitale. Sous pr\u00e9texte de bombardements am\u00e9ricains imminents, des centaines de milliers de personnes sont contraintes de fuir leur ville, \u00e0 pied, en pleine chaleur, sans ressources, malades ou bless\u00e9es.<\/p>\n\n\n\n<p class=\"has-text-align-center\">Cette marche forc\u00e9e, connue sous le nom de <strong>\u00ab route de la mort \u00bb<\/strong>, marque le d\u00e9but du g\u00e9nocide cambodgien. Ceux qui ne meurent pas d\u2019\u00e9puisement, de faim ou de maladie sont envoy\u00e9s dans des camps de travail ou ex\u00e9cut\u00e9s dans les \u00ab\u00a0killing fields\u00a0\u00bb.<\/p>\n\n\n\n<p class=\"has-text-align-center\">L\u2019aquarelle pr\u00e9sent\u00e9e ici immortalise ce moment tragique : un peuple d\u00e9racin\u00e9, encadr\u00e9 par les armes, marchant dans un silence oppressant. C\u2019est une \u0153uvre de m\u00e9moire, qui rappelle que derri\u00e8re les chiffres du g\u00e9nocide se cachent des vies, des visages, des familles bris\u00e9es.<\/p>\n\n\n\n<p class=\"has-text-align-center\"># Sophany-CGT 14102025<\/p>\n","protected":false},"excerpt":{"rendered":"<p>#024 A VENDRE L\u2019\u00e9vacuation de Phnom Penh, 17 avril 1975 Cette aquarelle en noir et gris illustre une sc\u00e8ne marquante de l\u2019histoire cambodgienne : l\u2019\u00e9vacuation forc\u00e9e de Phnom Penh par les Khmers rouges. Au premier plan, des soldats arm\u00e9s encadrent une longue colonne de civils, contraints de quitter la ville \u00e0 pied, en silence, vers &hellip; <a href=\"https:\/\/slapps.fr\/sophany-aquarelle\/genocide-des-khmers-rouges-025\/\" class=\"more-link\">Continuer la lecture de <span class=\"screen-reader-text\">GENOCIDE DES KHMERS ROUGES-003<\/span>  <span class=\"meta-nav\">&rarr;<\/span><\/a><\/p>\n","protected":false},"author":1,"featured_media":0,"parent":0,"menu_order":0,"comment_status":"open","ping_status":"closed","template":"","meta":{"footnotes":""},"class_list":["post-454","page","type-page","status-publish","hentry"],"_links":{"self":[{"href":"https:\/\/slapps.fr\/sophany-aquarelle\/wp-json\/wp\/v2\/pages\/454","targetHints":{"allow":["GET"]}}],"collection":[{"href":"https:\/\/slapps.fr\/sophany-aquarelle\/wp-json\/wp\/v2\/pages"}],"about":[{"href":"https:\/\/slapps.fr\/sophany-aquarelle\/wp-json\/wp\/v2\/types\/page"}],"author":[{"embeddable":true,"href":"https:\/\/slapps.fr\/sophany-aquarelle\/wp-json\/wp\/v2\/users\/1"}],"replies":[{"embeddable":true,"href":"https:\/\/slapps.fr\/sophany-aquarelle\/wp-json\/wp\/v2\/comments?post=454"}],"version-history":[{"count":10,"href":"https:\/\/slapps.fr\/sophany-aquarelle\/wp-json\/wp\/v2\/pages\/454\/revisions"}],"predecessor-version":[{"id":470,"href":"https:\/\/slapps.fr\/sophany-aquarelle\/wp-json\/wp\/v2\/pages\/454\/revisions\/470"}],"wp:attachment":[{"href":"https:\/\/slapps.fr\/sophany-aquarelle\/wp-json\/wp\/v2\/media?parent=454"}],"curies":[{"name":"wp","href":"https:\/\/api.w.org\/{rel}","templated":true}]}}