{"id":443,"date":"2025-10-14T16:02:08","date_gmt":"2025-10-14T14:02:08","guid":{"rendered":"https:\/\/slapps.fr\/sophany-aquarelle\/?page_id=443"},"modified":"2025-10-14T16:05:34","modified_gmt":"2025-10-14T14:05:34","slug":"genocide-des-khmers-rouges-001","status":"publish","type":"page","link":"https:\/\/slapps.fr\/sophany-aquarelle\/genocide-des-khmers-rouges-001\/","title":{"rendered":"GENOCIDE DES KHMERS ROUGES-001"},"content":{"rendered":"<div class=\"wp-block-image\">\n<figure class=\"aligncenter size-full\"><img loading=\"lazy\" decoding=\"async\" width=\"475\" height=\"669\" src=\"https:\/\/slapps.fr\/sophany-aquarelle\/wp-content\/uploads\/2025\/10\/Dessin-Genecide-des-Khmers-Rouges-1-1.png\" alt=\"\" class=\"wp-image-444\" srcset=\"https:\/\/slapps.fr\/sophany-aquarelle\/wp-content\/uploads\/2025\/10\/Dessin-Genecide-des-Khmers-Rouges-1-1.png 475w, https:\/\/slapps.fr\/sophany-aquarelle\/wp-content\/uploads\/2025\/10\/Dessin-Genecide-des-Khmers-Rouges-1-1-213x300.png 213w\" sizes=\"auto, (max-width: 475px) 100vw, 475px\" \/><\/figure>\n<\/div>\n\n\n<p class=\"has-text-align-center\">#025<\/p>\n\n\n\n<p class=\"has-text-align-center\"><strong><a href=\"https:\/\/slapps.fr\/sophany-aquarelle\/tableau-025\/\">A VENDRE<\/a><\/strong><\/p>\n\n\n\n<p class=\"has-text-align-center\"><strong>\u1781\u17d2\u1789\u17bb\u17c6\u1782\u17bc\u179a\u179a\u17bc\u1794\u1793\u17c1\u17c7\u178a\u17c4\u1799\u179f\u17d2\u1793\u17c1\u17a0\u17b6\u1787\u17b6\u178f\u17b7\u179a\u1794\u179f\u17cb\u1781\u17d2\u1789\u17bb\u17c6\u17d4<\/strong><br>\u179c\u17b6\u1787\u17b6\u1780\u17b6\u179a\u179a\u17c6\u179b\u17b9\u1780\u178a\u179b\u17cb\u1787\u1793\u179a\u1784\u1782\u17d2\u179a\u17c4\u17c7\u1780\u17d2\u179a\u17c4\u1798\u179a\u1794\u1794\u1781\u17d2\u1798\u17c2\u179a\u1780\u17d2\u179a\u17a0\u1798\u17d4<br>\u1787\u17b6\u1787\u17c6\u1793\u17bd\u1799\u178f\u17bc\u1785\u17d7\u1798\u17bd\u1799\u1780\u17d2\u1793\u17bb\u1784\u1780\u17b6\u179a\u179a\u1780\u17d2\u179f\u17b6\u17a2\u1793\u17bb\u179f\u17d2\u179f\u17b6\u179c\u179a\u17b8\u1799\u17cd\u1793\u17c3\u179c\u17b7\u1793\u17b6\u179f\u1780\u1798\u17d2\u1798\u1793\u17c4\u17c7\u17d4<\/p>\n\n\n\n<p class=\"has-text-align-center\">J\u2019ai dessin\u00e9 ce tableau avec l\u2019amour de ma patrie.<br>Il est un hommage aux victimes du r\u00e9gime khmer rouge,<br>et un petit geste pour pr\u00e9server la m\u00e9moire de cette trag\u00e9die<em>.<\/em><br>Elle est pr\u00e9sent\u00e9e en lien avec la <strong>st\u00e8le comm\u00e9morative d\u00e9di\u00e9e aux victimes du g\u00e9nocide khmer rouge<\/strong>, situ\u00e9e dans le 13\u1d49 arrondissement de Paris.<\/p>\n\n\n\n<p class=\"has-text-align-center\"># Sophany-CGT 14102025<\/p>\n\n\n\n<p><\/p>\n","protected":false},"excerpt":{"rendered":"<p>#025 A VENDRE \u1781\u17d2\u1789\u17bb\u17c6\u1782\u17bc\u179a\u179a\u17bc\u1794\u1793\u17c1\u17c7\u178a\u17c4\u1799\u179f\u17d2\u1793\u17c1\u17a0\u17b6\u1787\u17b6\u178f\u17b7\u179a\u1794\u179f\u17cb\u1781\u17d2\u1789\u17bb\u17c6\u17d4\u179c\u17b6\u1787\u17b6\u1780\u17b6\u179a\u179a\u17c6\u179b\u17b9\u1780\u178a\u179b\u17cb\u1787\u1793\u179a\u1784\u1782\u17d2\u179a\u17c4\u17c7\u1780\u17d2\u179a\u17c4\u1798\u179a\u1794\u1794\u1781\u17d2\u1798\u17c2\u179a\u1780\u17d2\u179a\u17a0\u1798\u17d4\u1787\u17b6\u1787\u17c6\u1793\u17bd\u1799\u178f\u17bc\u1785\u17d7\u1798\u17bd\u1799\u1780\u17d2\u1793\u17bb\u1784\u1780\u17b6\u179a\u179a\u1780\u17d2\u179f\u17b6\u17a2\u1793\u17bb\u179f\u17d2\u179f\u17b6\u179c\u179a\u17b8\u1799\u17cd\u1793\u17c3\u179c\u17b7\u1793\u17b6\u179f\u1780\u1798\u17d2\u1798\u1793\u17c4\u17c7\u17d4 J\u2019ai dessin\u00e9 ce tableau avec l\u2019amour de ma patrie.Il est un hommage aux victimes du r\u00e9gime khmer rouge,et un petit geste pour pr\u00e9server la m\u00e9moire de cette trag\u00e9die.Elle est pr\u00e9sent\u00e9e en lien avec la st\u00e8le comm\u00e9morative d\u00e9di\u00e9e aux victimes du g\u00e9nocide khmer rouge, situ\u00e9e dans le 13\u1d49 arrondissement de Paris. # &hellip; <a href=\"https:\/\/slapps.fr\/sophany-aquarelle\/genocide-des-khmers-rouges-001\/\" class=\"more-link\">Continuer la lecture de <span class=\"screen-reader-text\">GENOCIDE DES KHMERS ROUGES-001<\/span>  <span class=\"meta-nav\">&rarr;<\/span><\/a><\/p>\n","protected":false},"author":1,"featured_media":0,"parent":0,"menu_order":0,"comment_status":"open","ping_status":"closed","template":"","meta":{"footnotes":""},"class_list":["post-443","page","type-page","status-publish","hentry"],"_links":{"self":[{"href":"https:\/\/slapps.fr\/sophany-aquarelle\/wp-json\/wp\/v2\/pages\/443","targetHints":{"allow":["GET"]}}],"collection":[{"href":"https:\/\/slapps.fr\/sophany-aquarelle\/wp-json\/wp\/v2\/pages"}],"about":[{"href":"https:\/\/slapps.fr\/sophany-aquarelle\/wp-json\/wp\/v2\/types\/page"}],"author":[{"embeddable":true,"href":"https:\/\/slapps.fr\/sophany-aquarelle\/wp-json\/wp\/v2\/users\/1"}],"replies":[{"embeddable":true,"href":"https:\/\/slapps.fr\/sophany-aquarelle\/wp-json\/wp\/v2\/comments?post=443"}],"version-history":[{"count":3,"href":"https:\/\/slapps.fr\/sophany-aquarelle\/wp-json\/wp\/v2\/pages\/443\/revisions"}],"predecessor-version":[{"id":448,"href":"https:\/\/slapps.fr\/sophany-aquarelle\/wp-json\/wp\/v2\/pages\/443\/revisions\/448"}],"wp:attachment":[{"href":"https:\/\/slapps.fr\/sophany-aquarelle\/wp-json\/wp\/v2\/media?parent=443"}],"curies":[{"name":"wp","href":"https:\/\/api.w.org\/{rel}","templated":true}]}}