{"id":438,"date":"2025-10-14T15:54:02","date_gmt":"2025-10-14T13:54:02","guid":{"rendered":"https:\/\/slapps.fr\/sophany-aquarelle\/?page_id=438"},"modified":"2026-03-10T20:48:55","modified_gmt":"2026-03-10T19:48:55","slug":"tableau-025","status":"publish","type":"page","link":"https:\/\/slapps.fr\/sophany-aquarelle\/tableau-025\/","title":{"rendered":"Tableau #025"},"content":{"rendered":"<div class=\"wp-block-image\">\n<figure class=\"aligncenter size-full\"><img loading=\"lazy\" decoding=\"async\" width=\"475\" height=\"669\" src=\"https:\/\/slapps.fr\/sophany-aquarelle\/wp-content\/uploads\/2025\/10\/Dessin-Genecide-des-Khmers-Rouges-1.png\" alt=\"\" class=\"wp-image-440\" srcset=\"https:\/\/slapps.fr\/sophany-aquarelle\/wp-content\/uploads\/2025\/10\/Dessin-Genecide-des-Khmers-Rouges-1.png 475w, https:\/\/slapps.fr\/sophany-aquarelle\/wp-content\/uploads\/2025\/10\/Dessin-Genecide-des-Khmers-Rouges-1-213x300.png 213w\" sizes=\"auto, (max-width: 475px) 100vw, 475px\" \/><\/figure>\n<\/div>\n\n\n<p class=\"has-text-align-center\"><strong>G\u00e9nocide des Khmers Rouges -#0<\/strong>25<\/p>\n\n\n\n<p class=\"has-text-align-center\">dimension : 240\u00d7320 180g<\/p>\n\n\n\n<p class=\"has-text-align-center\">Prix : 1200\u20ac<\/p>\n\n\n\n<p class=\"has-text-align-center\"><strong>VENDU<\/strong><\/p>\n\n\n\n<p class=\"has-text-align-center\">Ce tableau a \u00e9t\u00e9 vendu aux ench\u00e8res pour 1\u202f200 \u20ac et j\u2019ai fait Don de cette somme \u00e0 l\u2019association qui g\u00e8re la st\u00e8le dans le jardin de Choisy, Paris 13\u1d49-#AI.<\/p>\n\n\n\n<p><\/p>\n\n\n\n<p><\/p>\n","protected":false},"excerpt":{"rendered":"<p>G\u00e9nocide des Khmers Rouges -#025 dimension : 240\u00d7320 180g Prix : 1200\u20ac VENDU Ce tableau a \u00e9t\u00e9 vendu aux ench\u00e8res pour 1\u202f200 \u20ac et j\u2019ai fait Don de cette somme \u00e0 l\u2019association qui g\u00e8re la st\u00e8le dans le jardin de Choisy, Paris 13\u1d49-#AI.<\/p>\n","protected":false},"author":1,"featured_media":0,"parent":0,"menu_order":0,"comment_status":"open","ping_status":"closed","template":"","meta":{"footnotes":""},"class_list":["post-438","page","type-page","status-publish","hentry"],"_links":{"self":[{"href":"https:\/\/slapps.fr\/sophany-aquarelle\/wp-json\/wp\/v2\/pages\/438","targetHints":{"allow":["GET"]}}],"collection":[{"href":"https:\/\/slapps.fr\/sophany-aquarelle\/wp-json\/wp\/v2\/pages"}],"about":[{"href":"https:\/\/slapps.fr\/sophany-aquarelle\/wp-json\/wp\/v2\/types\/page"}],"author":[{"embeddable":true,"href":"https:\/\/slapps.fr\/sophany-aquarelle\/wp-json\/wp\/v2\/users\/1"}],"replies":[{"embeddable":true,"href":"https:\/\/slapps.fr\/sophany-aquarelle\/wp-json\/wp\/v2\/comments?post=438"}],"version-history":[{"count":3,"href":"https:\/\/slapps.fr\/sophany-aquarelle\/wp-json\/wp\/v2\/pages\/438\/revisions"}],"predecessor-version":[{"id":746,"href":"https:\/\/slapps.fr\/sophany-aquarelle\/wp-json\/wp\/v2\/pages\/438\/revisions\/746"}],"wp:attachment":[{"href":"https:\/\/slapps.fr\/sophany-aquarelle\/wp-json\/wp\/v2\/media?parent=438"}],"curies":[{"name":"wp","href":"https:\/\/api.w.org\/{rel}","templated":true}]}}