{"id":424,"date":"2025-10-14T01:35:11","date_gmt":"2025-10-13T23:35:11","guid":{"rendered":"https:\/\/slapps.fr\/sophany-aquarelle\/?page_id=424"},"modified":"2025-10-14T02:06:07","modified_gmt":"2025-10-14T00:06:07","slug":"mon-pays-natal","status":"publish","type":"page","link":"https:\/\/slapps.fr\/sophany-aquarelle\/mon-pays-natal\/","title":{"rendered":"Mon Pays Natal"},"content":{"rendered":"<div class=\"wp-block-image\">\n<figure class=\"aligncenter size-full\"><img loading=\"lazy\" decoding=\"async\" width=\"480\" height=\"646\" src=\"https:\/\/slapps.fr\/sophany-aquarelle\/wp-content\/uploads\/2025\/10\/Dessin-023-1-1.png\" alt=\"\" class=\"wp-image-425\" srcset=\"https:\/\/slapps.fr\/sophany-aquarelle\/wp-content\/uploads\/2025\/10\/Dessin-023-1-1.png 480w, https:\/\/slapps.fr\/sophany-aquarelle\/wp-content\/uploads\/2025\/10\/Dessin-023-1-1-223x300.png 223w\" sizes=\"auto, (max-width: 480px) 100vw, 480px\" \/><\/figure>\n<\/div>\n\n\n<p class=\"has-text-align-center\">#023<\/p>\n\n\n\n<p class=\"has-text-align-center\"><a href=\"https:\/\/slapps.fr\/sophany-aquarelle\/tableau-023\/\">GRATUIT<\/a><\/p>\n\n\n\n<p class=\"has-text-align-center\"><strong>Mon Pays Natal<\/strong>&#8230;<\/p>\n\n\n\n<p class=\"has-text-align-center\"><strong>1973<\/strong><br>Je l\u2019ai quitt\u00e9 jeune, \u00e0 18 ans, le c\u0153ur lourd et les yeux tourn\u00e9s vers l\u2019inconnu.<br>Je me souviens de la rue Street 91 \u00e0 Phnom-Penh , derri\u00e8re l\u2019ambassade du Japon, l\u00e0 o\u00f9 j\u2019ai grandi.<br>Je me souviens du regard de ma grand-m\u00e8re que je n\u2019ai pas eu la force d\u2019affronter en partant,<br>car je savais, au fond de moi, que je ne la reverrais plus jamais.<\/p>\n\n\n\n<p class=\"has-text-align-center\">Ce d\u00e9part n\u2019\u00e9tait pas un choix.<br>C\u2019\u00e9tait une fuite, une n\u00e9cessit\u00e9 impos\u00e9e par l\u2019injustice et la corruption.<br>Une nuit, au commissariat, pour un geste banal : chasser des moustiques pour mon petit fr\u00e8re Moni .<br>Et pourtant, on m\u2019a accus\u00e9 de trahison, de complicit\u00e9 avec l\u2019ennemi,<br>simplement parce que ma moto portait soi-disant des signes suspects.<br>\u00c0 minuit, un haut responsable a demand\u00e9 6000 riels \u00e0 mes parents pour me lib\u00e9rer.<br>Aucune preuve, seulement la peur et le pouvoir abusif.<\/p>\n\n\n\n<p class=\"has-text-align-center\">Ce jour-l\u00e0, j\u2019ai compris que la justice avait fui mon pays,<br>et que la corruption avait pris sa place.<br>Alors j\u2019ai fait une promesse : <strong>ne jamais y retourner.<\/strong><\/p>\n\n\n\n<p class=\"has-text-align-center\">Mais malgr\u00e9 tout\u2026<br>Je l\u2019aime, mon pays natal.<br>J\u2019aime sa terre, ses couleurs, ses visages, ses rivi\u00e8res,<br>les souvenirs de mon enfance, la maison de ma m\u00e8re, les rires de mes fr\u00e8res et mes soeurs.<br>Quand je peins \u00e0 l\u2019aquarelle, ces images reviennent,<br>douces et douloureuses \u00e0 la fois.<\/p>\n\n\n\n<p class=\"has-text-align-center\">Mon pays natal vit encore en moi,<br>m\u00eame si je vis loin de lui.<\/p>\n\n\n\n<p class=\"has-text-align-center\"><strong># Sophany-CGT 14102025<\/strong><\/p>\n\n\n\n<p><\/p>\n","protected":false},"excerpt":{"rendered":"<p>#023 GRATUIT Mon Pays Natal&#8230; 1973Je l\u2019ai quitt\u00e9 jeune, \u00e0 18 ans, le c\u0153ur lourd et les yeux tourn\u00e9s vers l\u2019inconnu.Je me souviens de la rue Street 91 \u00e0 Phnom-Penh , derri\u00e8re l\u2019ambassade du Japon, l\u00e0 o\u00f9 j\u2019ai grandi.Je me souviens du regard de ma grand-m\u00e8re que je n\u2019ai pas eu la force d\u2019affronter en &hellip; <a href=\"https:\/\/slapps.fr\/sophany-aquarelle\/mon-pays-natal\/\" class=\"more-link\">Continuer la lecture de <span class=\"screen-reader-text\">Mon Pays Natal<\/span>  <span class=\"meta-nav\">&rarr;<\/span><\/a><\/p>\n","protected":false},"author":1,"featured_media":0,"parent":0,"menu_order":0,"comment_status":"open","ping_status":"closed","template":"","meta":{"footnotes":""},"class_list":["post-424","page","type-page","status-publish","hentry"],"_links":{"self":[{"href":"https:\/\/slapps.fr\/sophany-aquarelle\/wp-json\/wp\/v2\/pages\/424","targetHints":{"allow":["GET"]}}],"collection":[{"href":"https:\/\/slapps.fr\/sophany-aquarelle\/wp-json\/wp\/v2\/pages"}],"about":[{"href":"https:\/\/slapps.fr\/sophany-aquarelle\/wp-json\/wp\/v2\/types\/page"}],"author":[{"embeddable":true,"href":"https:\/\/slapps.fr\/sophany-aquarelle\/wp-json\/wp\/v2\/users\/1"}],"replies":[{"embeddable":true,"href":"https:\/\/slapps.fr\/sophany-aquarelle\/wp-json\/wp\/v2\/comments?post=424"}],"version-history":[{"count":5,"href":"https:\/\/slapps.fr\/sophany-aquarelle\/wp-json\/wp\/v2\/pages\/424\/revisions"}],"predecessor-version":[{"id":434,"href":"https:\/\/slapps.fr\/sophany-aquarelle\/wp-json\/wp\/v2\/pages\/424\/revisions\/434"}],"wp:attachment":[{"href":"https:\/\/slapps.fr\/sophany-aquarelle\/wp-json\/wp\/v2\/media?parent=424"}],"curies":[{"name":"wp","href":"https:\/\/api.w.org\/{rel}","templated":true}]}}