{"id":410,"date":"2025-10-12T16:48:30","date_gmt":"2025-10-12T14:48:30","guid":{"rendered":"https:\/\/slapps.fr\/sophany-aquarelle\/?page_id=410"},"modified":"2025-10-14T16:06:09","modified_gmt":"2025-10-14T14:06:09","slug":"victimes-des-khmers-rouges","status":"publish","type":"page","link":"https:\/\/slapps.fr\/sophany-aquarelle\/victimes-des-khmers-rouges\/","title":{"rendered":"GENOCIDE DES KHMERS ROUGES-002"},"content":{"rendered":"<div class=\"wp-block-image\">\n<figure class=\"aligncenter size-full\"><img loading=\"lazy\" decoding=\"async\" width=\"413\" height=\"509\" src=\"https:\/\/slapps.fr\/sophany-aquarelle\/wp-content\/uploads\/2025\/10\/Dessin-022-Khmers-rouges-1-1.png\" alt=\"\" class=\"wp-image-411\" srcset=\"https:\/\/slapps.fr\/sophany-aquarelle\/wp-content\/uploads\/2025\/10\/Dessin-022-Khmers-rouges-1-1.png 413w, https:\/\/slapps.fr\/sophany-aquarelle\/wp-content\/uploads\/2025\/10\/Dessin-022-Khmers-rouges-1-1-243x300.png 243w\" sizes=\"auto, (max-width: 413px) 100vw, 413px\" \/><\/figure>\n<\/div>\n\n\n<p class=\"has-text-align-center\">#022<\/p>\n\n\n\n<p class=\"has-text-align-center\"><strong><a href=\"https:\/\/slapps.fr\/sophany-aquarelle\/tableau-022\/\">A VENDRE<\/a><\/strong><\/p>\n\n\n\n<p class=\"has-text-align-center\">R\u00e9alis\u00e9 dans le cadre d\u2019un cours artistique, ce tableau rend hommage aux victimes du r\u00e9gime des Khmers rouges (1975\u20131979).<\/p>\n\n\n\n<p class=\"has-text-align-center\">Il repr\u00e9sente une file de femmes, d\u2019hommes et d\u2019enfants en marche, dans un paysage domin\u00e9 en arri\u00e8re-plan par le temple d\u2019Angkor Wat \u2014 symbole d\u2019identit\u00e9, de culture et de r\u00e9silience pour le peuple cambodgien.<\/p>\n\n\n\n<p class=\"has-text-align-center\">\u00c0 travers cette sc\u00e8ne silencieuse, l\u2019artiste \u00e9voque la souffrance, l\u2019exil, la perte\u2026 mais aussi la force int\u00e9rieure et la dignit\u00e9.<\/p>\n\n\n\n<p class=\"has-text-align-center\">Cette \u0153uvre a \u00e9t\u00e9 con\u00e7ue avec le c\u0153ur, dans un esprit de m\u00e9moire et d\u2019amour pour le Cambodge.<\/p>\n\n\n\n<p class=\"has-text-align-center\"># Sophany-CGT 13102025<\/p>\n\n\n\n<p><\/p>\n","protected":false},"excerpt":{"rendered":"<p>#022 A VENDRE R\u00e9alis\u00e9 dans le cadre d\u2019un cours artistique, ce tableau rend hommage aux victimes du r\u00e9gime des Khmers rouges (1975\u20131979). Il repr\u00e9sente une file de femmes, d\u2019hommes et d\u2019enfants en marche, dans un paysage domin\u00e9 en arri\u00e8re-plan par le temple d\u2019Angkor Wat \u2014 symbole d\u2019identit\u00e9, de culture et de r\u00e9silience pour le peuple &hellip; <a href=\"https:\/\/slapps.fr\/sophany-aquarelle\/victimes-des-khmers-rouges\/\" class=\"more-link\">Continuer la lecture de <span class=\"screen-reader-text\">GENOCIDE DES KHMERS ROUGES-002<\/span>  <span class=\"meta-nav\">&rarr;<\/span><\/a><\/p>\n","protected":false},"author":1,"featured_media":0,"parent":0,"menu_order":0,"comment_status":"open","ping_status":"closed","template":"","meta":{"footnotes":""},"class_list":["post-410","page","type-page","status-publish","hentry"],"_links":{"self":[{"href":"https:\/\/slapps.fr\/sophany-aquarelle\/wp-json\/wp\/v2\/pages\/410","targetHints":{"allow":["GET"]}}],"collection":[{"href":"https:\/\/slapps.fr\/sophany-aquarelle\/wp-json\/wp\/v2\/pages"}],"about":[{"href":"https:\/\/slapps.fr\/sophany-aquarelle\/wp-json\/wp\/v2\/types\/page"}],"author":[{"embeddable":true,"href":"https:\/\/slapps.fr\/sophany-aquarelle\/wp-json\/wp\/v2\/users\/1"}],"replies":[{"embeddable":true,"href":"https:\/\/slapps.fr\/sophany-aquarelle\/wp-json\/wp\/v2\/comments?post=410"}],"version-history":[{"count":5,"href":"https:\/\/slapps.fr\/sophany-aquarelle\/wp-json\/wp\/v2\/pages\/410\/revisions"}],"predecessor-version":[{"id":449,"href":"https:\/\/slapps.fr\/sophany-aquarelle\/wp-json\/wp\/v2\/pages\/410\/revisions\/449"}],"wp:attachment":[{"href":"https:\/\/slapps.fr\/sophany-aquarelle\/wp-json\/wp\/v2\/media?parent=410"}],"curies":[{"name":"wp","href":"https:\/\/api.w.org\/{rel}","templated":true}]}}