{"id":397,"date":"2025-10-10T20:51:13","date_gmt":"2025-10-10T18:51:13","guid":{"rendered":"https:\/\/slapps.fr\/sophany-aquarelle\/?page_id=397"},"modified":"2025-10-10T21:03:41","modified_gmt":"2025-10-10T19:03:41","slug":"le-temple-du-bayon","status":"publish","type":"page","link":"https:\/\/slapps.fr\/sophany-aquarelle\/le-temple-du-bayon\/","title":{"rendered":"Le temple du Bayon"},"content":{"rendered":"<div class=\"wp-block-image\">\n<figure class=\"aligncenter size-full\"><img loading=\"lazy\" decoding=\"async\" width=\"453\" height=\"649\" src=\"https:\/\/slapps.fr\/sophany-aquarelle\/wp-content\/uploads\/2025\/10\/021-Bayon-perdu-1-1.png\" alt=\"\" class=\"wp-image-398\" srcset=\"https:\/\/slapps.fr\/sophany-aquarelle\/wp-content\/uploads\/2025\/10\/021-Bayon-perdu-1-1.png 453w, https:\/\/slapps.fr\/sophany-aquarelle\/wp-content\/uploads\/2025\/10\/021-Bayon-perdu-1-1-209x300.png 209w\" sizes=\"auto, (max-width: 453px) 100vw, 453px\" \/><\/figure>\n<\/div>\n\n\n<p class=\"has-text-align-center\">#021<\/p>\n\n\n\n<p class=\"has-text-align-center\"><strong><a href=\"https:\/\/slapps.fr\/sophany-aquarelle\/tableau-021\/\">A VENDRE<\/a><\/strong><\/p>\n\n\n\n<p class=\"has-text-align-center\">Ce dessin est inspir\u00e9 de ma propre visite du temple du Bayon, au Cambodge. J\u2019ai \u00e9t\u00e9 profond\u00e9ment marqu\u00e9 par la force paisible des visages sculpt\u00e9s et l\u2019atmosph\u00e8re mystique du site, perdu entre les racines et le silence de la jungle. Cette \u0153uvre est une tentative de capturer ce moment suspendu.<\/p>\n","protected":false},"excerpt":{"rendered":"<p>#021 A VENDRE Ce dessin est inspir\u00e9 de ma propre visite du temple du Bayon, au Cambodge. J\u2019ai \u00e9t\u00e9 profond\u00e9ment marqu\u00e9 par la force paisible des visages sculpt\u00e9s et l\u2019atmosph\u00e8re mystique du site, perdu entre les racines et le silence de la jungle. Cette \u0153uvre est une tentative de capturer ce moment suspendu.<\/p>\n","protected":false},"author":1,"featured_media":0,"parent":0,"menu_order":0,"comment_status":"open","ping_status":"closed","template":"","meta":{"footnotes":""},"class_list":["post-397","page","type-page","status-publish","hentry"],"_links":{"self":[{"href":"https:\/\/slapps.fr\/sophany-aquarelle\/wp-json\/wp\/v2\/pages\/397","targetHints":{"allow":["GET"]}}],"collection":[{"href":"https:\/\/slapps.fr\/sophany-aquarelle\/wp-json\/wp\/v2\/pages"}],"about":[{"href":"https:\/\/slapps.fr\/sophany-aquarelle\/wp-json\/wp\/v2\/types\/page"}],"author":[{"embeddable":true,"href":"https:\/\/slapps.fr\/sophany-aquarelle\/wp-json\/wp\/v2\/users\/1"}],"replies":[{"embeddable":true,"href":"https:\/\/slapps.fr\/sophany-aquarelle\/wp-json\/wp\/v2\/comments?post=397"}],"version-history":[{"count":3,"href":"https:\/\/slapps.fr\/sophany-aquarelle\/wp-json\/wp\/v2\/pages\/397\/revisions"}],"predecessor-version":[{"id":402,"href":"https:\/\/slapps.fr\/sophany-aquarelle\/wp-json\/wp\/v2\/pages\/397\/revisions\/402"}],"wp:attachment":[{"href":"https:\/\/slapps.fr\/sophany-aquarelle\/wp-json\/wp\/v2\/media?parent=397"}],"curies":[{"name":"wp","href":"https:\/\/api.w.org\/{rel}","templated":true}]}}