{"id":386,"date":"2025-10-10T19:56:00","date_gmt":"2025-10-10T17:56:00","guid":{"rendered":"https:\/\/slapps.fr\/sophany-aquarelle\/?page_id=386"},"modified":"2025-10-20T19:08:33","modified_gmt":"2025-10-20T17:08:33","slug":"les-femmes-massai","status":"publish","type":"page","link":"https:\/\/slapps.fr\/sophany-aquarelle\/les-femmes-massai\/","title":{"rendered":"Les femmes Massa\u00ef"},"content":{"rendered":"<div class=\"wp-block-image\">\n<figure class=\"aligncenter size-full\"><img loading=\"lazy\" decoding=\"async\" width=\"414\" height=\"555\" src=\"https:\/\/slapps.fr\/sophany-aquarelle\/wp-content\/uploads\/2025\/10\/Kenya-1-2.png\" alt=\"\" class=\"wp-image-387\" srcset=\"https:\/\/slapps.fr\/sophany-aquarelle\/wp-content\/uploads\/2025\/10\/Kenya-1-2.png 414w, https:\/\/slapps.fr\/sophany-aquarelle\/wp-content\/uploads\/2025\/10\/Kenya-1-2-224x300.png 224w\" sizes=\"auto, (max-width: 414px) 100vw, 414px\" \/><\/figure>\n<\/div>\n\n\n<p class=\"has-text-align-center\">##028<\/p>\n\n\n\n<p class=\"has-text-align-center\"><strong><a href=\"https:\/\/slapps.fr\/sophany-aquarelle\/tableau-003\/\">A VENDRE<\/a><\/strong><\/p>\n\n\n\n<p><strong>Les femmes Massa\u00ef<\/strong><\/p>\n\n\n\n<p>\ud83c\udfa8<strong> Tenue vestimentaire et parures<\/strong><\/p>\n\n\n\n<ul class=\"wp-block-list\">\n<li>Elles portent souvent des <strong>v\u00eatements vifs<\/strong> (rouge, bleu, orange) symbolisant la force, la beaut\u00e9 et le lien avec la terre.<\/li>\n\n\n\n<li>Les bijoux faits main en <strong>perles color\u00e9es<\/strong> (colliers, boucles d&rsquo;oreilles, bandeaux) ont une <strong>forte valeur culturelle<\/strong>. Ils indiquent parfois le statut social, l&rsquo;\u00e2ge ou l\u2019\u00e9tape de vie (mariage, maternit\u00e9\u2026).<\/li>\n\n\n\n<li>Dans le dessin, on voit :\n<ul class=\"wp-block-list\">\n<li>Une coiffe orange, typique de certaines tenues traditionnelles.<\/li>\n\n\n\n<li>Des <strong>longues boucles d\u2019oreilles<\/strong> faites de perles.<\/li>\n\n\n\n<li>Plusieurs <strong>colliers<\/strong>.<\/li>\n<\/ul>\n<\/li>\n<\/ul>\n\n\n\n<p>\ud83e\udd31<strong> Le r\u00f4le de la maternit\u00e9<\/strong><\/p>\n\n\n\n<ul class=\"wp-block-list\">\n<li>\u00catre m\u00e8re est une \u00e9tape essentielle dans la vie d&rsquo;une femme Massa\u00ef.<\/li>\n\n\n\n<li>L\u2019enfant dans les bras de la femme dans le dessin renforce ce th\u00e8me central.<\/li>\n<\/ul>\n\n\n\n<p><\/p>\n","protected":false},"excerpt":{"rendered":"<p>##028 A VENDRE Les femmes Massa\u00ef \ud83c\udfa8 Tenue vestimentaire et parures \ud83e\udd31 Le r\u00f4le de la maternit\u00e9<\/p>\n","protected":false},"author":1,"featured_media":0,"parent":0,"menu_order":0,"comment_status":"closed","ping_status":"closed","template":"","meta":{"footnotes":""},"class_list":["post-386","page","type-page","status-publish","hentry"],"_links":{"self":[{"href":"https:\/\/slapps.fr\/sophany-aquarelle\/wp-json\/wp\/v2\/pages\/386","targetHints":{"allow":["GET"]}}],"collection":[{"href":"https:\/\/slapps.fr\/sophany-aquarelle\/wp-json\/wp\/v2\/pages"}],"about":[{"href":"https:\/\/slapps.fr\/sophany-aquarelle\/wp-json\/wp\/v2\/types\/page"}],"author":[{"embeddable":true,"href":"https:\/\/slapps.fr\/sophany-aquarelle\/wp-json\/wp\/v2\/users\/1"}],"replies":[{"embeddable":true,"href":"https:\/\/slapps.fr\/sophany-aquarelle\/wp-json\/wp\/v2\/comments?post=386"}],"version-history":[{"count":3,"href":"https:\/\/slapps.fr\/sophany-aquarelle\/wp-json\/wp\/v2\/pages\/386\/revisions"}],"predecessor-version":[{"id":539,"href":"https:\/\/slapps.fr\/sophany-aquarelle\/wp-json\/wp\/v2\/pages\/386\/revisions\/539"}],"wp:attachment":[{"href":"https:\/\/slapps.fr\/sophany-aquarelle\/wp-json\/wp\/v2\/media?parent=386"}],"curies":[{"name":"wp","href":"https:\/\/api.w.org\/{rel}","templated":true}]}}