{"id":370,"date":"2025-10-10T00:44:43","date_gmt":"2025-10-09T22:44:43","guid":{"rendered":"https:\/\/slapps.fr\/sophany-aquarelle\/?page_id=370"},"modified":"2025-10-17T18:13:33","modified_gmt":"2025-10-17T16:13:33","slug":"kim","status":"publish","type":"page","link":"https:\/\/slapps.fr\/sophany-aquarelle\/kim\/","title":{"rendered":"KIM-VENDU"},"content":{"rendered":"<div class=\"wp-block-image\">\n<figure class=\"aligncenter size-large is-resized\"><img loading=\"lazy\" decoding=\"async\" width=\"843\" height=\"1024\" src=\"https:\/\/slapps.fr\/sophany-aquarelle\/wp-content\/uploads\/2025\/10\/002-Kim-3-843x1024.jpg\" alt=\"\" class=\"wp-image-378\" style=\"width:408px;height:auto\" srcset=\"https:\/\/slapps.fr\/sophany-aquarelle\/wp-content\/uploads\/2025\/10\/002-Kim-3-843x1024.jpg 843w, https:\/\/slapps.fr\/sophany-aquarelle\/wp-content\/uploads\/2025\/10\/002-Kim-3-247x300.jpg 247w, https:\/\/slapps.fr\/sophany-aquarelle\/wp-content\/uploads\/2025\/10\/002-Kim-3-768x933.jpg 768w, https:\/\/slapps.fr\/sophany-aquarelle\/wp-content\/uploads\/2025\/10\/002-Kim-3-1264x1536.jpg 1264w, https:\/\/slapps.fr\/sophany-aquarelle\/wp-content\/uploads\/2025\/10\/002-Kim-3.jpg 1317w\" sizes=\"auto, (max-width: 843px) 100vw, 843px\" \/><\/figure>\n<\/div>\n\n\n<p class=\"has-text-align-center\">##002<\/p>\n\n\n\n<p class=\"has-text-align-center\"><strong><a href=\"https:\/\/slapps.fr\/sophany-aquarelle\/tableau-002-2\/\">VENDU<\/a><\/strong><\/p>\n\n\n\n<p class=\"has-text-align-center\"><strong>Ce dessin \u00e0 l\u2019aquarelle repr\u00e9sente une belle Cambodgienne.<\/strong><br>Il est inspir\u00e9 d\u2019une photo qu\u2019un \u00e9l\u00e8ve Qi Gong aux 12 Colonnes CERGY m\u2019a confi\u00e9e, en me demandant d\u2019en faire un portrait.<br>En la peignant, j\u2019ai \u00e9t\u00e9 profond\u00e9ment touch\u00e9 par son regard, sa gr\u00e2ce \u2014 et, sans pouvoir l\u2019expliquer, elle m\u2019a ramen\u00e9 \u00e0 un souvenir lointain.<br>J\u2019avais 15 ans \u00e0 l\u2019\u00e9poque. Je me souvenais d\u2019une jeune fille que j\u2019avais connue autrefois, la fille d\u2019un commandant khmer parachutiste.<br>Elle \u00e9tait belle, vive, pleine d\u2019avenir.<br>Mais comme tant d\u2019autres, elle a disparu tragiquement sous le r\u00e9gime de Pol Pot.<br>Ce portrait, d\u2019une certaine mani\u00e8re, lui rend aussi hommage.<\/p>\n\n\n\n<p class=\"has-text-align-center\"># Sophany-CGT 17 Oct 2025<\/p>\n","protected":false},"excerpt":{"rendered":"<p>##002 VENDU Ce dessin \u00e0 l\u2019aquarelle repr\u00e9sente une belle Cambodgienne.Il est inspir\u00e9 d\u2019une photo qu\u2019un \u00e9l\u00e8ve Qi Gong aux 12 Colonnes CERGY m\u2019a confi\u00e9e, en me demandant d\u2019en faire un portrait.En la peignant, j\u2019ai \u00e9t\u00e9 profond\u00e9ment touch\u00e9 par son regard, sa gr\u00e2ce \u2014 et, sans pouvoir l\u2019expliquer, elle m\u2019a ramen\u00e9 \u00e0 un souvenir lointain.J\u2019avais 15 &hellip; <a href=\"https:\/\/slapps.fr\/sophany-aquarelle\/kim\/\" class=\"more-link\">Continuer la lecture de <span class=\"screen-reader-text\">KIM-VENDU<\/span>  <span class=\"meta-nav\">&rarr;<\/span><\/a><\/p>\n","protected":false},"author":1,"featured_media":0,"parent":0,"menu_order":0,"comment_status":"open","ping_status":"closed","template":"","meta":{"footnotes":""},"class_list":["post-370","page","type-page","status-publish","hentry"],"_links":{"self":[{"href":"https:\/\/slapps.fr\/sophany-aquarelle\/wp-json\/wp\/v2\/pages\/370","targetHints":{"allow":["GET"]}}],"collection":[{"href":"https:\/\/slapps.fr\/sophany-aquarelle\/wp-json\/wp\/v2\/pages"}],"about":[{"href":"https:\/\/slapps.fr\/sophany-aquarelle\/wp-json\/wp\/v2\/types\/page"}],"author":[{"embeddable":true,"href":"https:\/\/slapps.fr\/sophany-aquarelle\/wp-json\/wp\/v2\/users\/1"}],"replies":[{"embeddable":true,"href":"https:\/\/slapps.fr\/sophany-aquarelle\/wp-json\/wp\/v2\/comments?post=370"}],"version-history":[{"count":6,"href":"https:\/\/slapps.fr\/sophany-aquarelle\/wp-json\/wp\/v2\/pages\/370\/revisions"}],"predecessor-version":[{"id":498,"href":"https:\/\/slapps.fr\/sophany-aquarelle\/wp-json\/wp\/v2\/pages\/370\/revisions\/498"}],"wp:attachment":[{"href":"https:\/\/slapps.fr\/sophany-aquarelle\/wp-json\/wp\/v2\/media?parent=370"}],"curies":[{"name":"wp","href":"https:\/\/api.w.org\/{rel}","templated":true}]}}