{"id":366,"date":"2025-10-10T00:39:45","date_gmt":"2025-10-09T22:39:45","guid":{"rendered":"https:\/\/slapps.fr\/sophany-aquarelle\/?page_id=366"},"modified":"2025-10-10T00:40:47","modified_gmt":"2025-10-09T22:40:47","slug":"barack-obama","status":"publish","type":"page","link":"https:\/\/slapps.fr\/sophany-aquarelle\/barack-obama\/","title":{"rendered":"Barack Obama"},"content":{"rendered":"<div class=\"wp-block-image\">\n<figure class=\"aligncenter size-full is-resized\"><img loading=\"lazy\" decoding=\"async\" width=\"517\" height=\"611\" src=\"https:\/\/slapps.fr\/sophany-aquarelle\/wp-content\/uploads\/2025\/10\/Obama-Barack-1-1.png\" alt=\"\" class=\"wp-image-367\" style=\"width:260px;height:auto\" srcset=\"https:\/\/slapps.fr\/sophany-aquarelle\/wp-content\/uploads\/2025\/10\/Obama-Barack-1-1.png 517w, https:\/\/slapps.fr\/sophany-aquarelle\/wp-content\/uploads\/2025\/10\/Obama-Barack-1-1-254x300.png 254w\" sizes=\"auto, (max-width: 517px) 100vw, 517px\" \/><\/figure>\n<\/div>\n\n\n<p><strong>Enfance et origines<\/strong><\/p>\n\n\n\n<ul class=\"wp-block-list\">\n<li><strong>N\u00e9 le 4 ao\u00fbt 1961<\/strong> \u00e0 Honolulu, \u00e0 Hawa\u00ef.<\/li>\n\n\n\n<li>P\u00e8re : <strong>Barack Obama Sr.<\/strong>, originaire du Kenya.<\/li>\n\n\n\n<li>M\u00e8re : <strong>Ann Dunham<\/strong>, am\u00e9ricaine originaire du Kansas.<\/li>\n\n\n\n<li>Ses parents divorcent quand il est jeune. Il grandit principalement avec sa m\u00e8re et ses grands-parents maternels \u00e0 Hawa\u00ef, avec un passage en Indon\u00e9sie pendant son enfance.<\/li>\n<\/ul>\n\n\n\n<p>\ud83d\udcda<strong> \u00c9tudes<\/strong><\/p>\n\n\n\n<ul class=\"wp-block-list\">\n<li>\u00c9tudie \u00e0 <strong>l\u2019universit\u00e9 Columbia<\/strong> \u00e0 New York (sciences politiques).<\/li>\n\n\n\n<li>Puis \u00e0 la prestigieuse <strong>Harvard Law School<\/strong>, o\u00f9 il devient le <strong>premier pr\u00e9sident afro-am\u00e9ricain de la Harvard Law Review<\/strong>.<\/li>\n<\/ul>\n\n\n\n<p><strong>Vie personnelle<\/strong><\/p>\n\n\n\n<ul class=\"wp-block-list\">\n<li>Mari\u00e9 \u00e0 <strong>Michelle Obama<\/strong> en 1992.<\/li>\n\n\n\n<li>Ils ont deux filles : <strong>Malia<\/strong> et <strong>Sasha<\/strong>.<\/li>\n<\/ul>\n\n\n\n<p>\u2728Pr\u00e9sidence des \u00c9tats-Unis<\/p>\n\n\n\n<ul class=\"wp-block-list\">\n<li>En <strong>2008<\/strong>, il est \u00e9lu <strong>44e pr\u00e9sident des \u00c9tats-Unis<\/strong>, et <strong>le premier pr\u00e9sident afro-am\u00e9ricain<\/strong>.<\/li>\n\n\n\n<li>R\u00e9\u00e9lu en <strong>2012<\/strong> pour un second mandat.<\/li>\n<\/ul>\n\n\n\n<p><\/p>\n","protected":false},"excerpt":{"rendered":"<p>Enfance et origines \ud83d\udcda \u00c9tudes Vie personnelle \u2728Pr\u00e9sidence des \u00c9tats-Unis<\/p>\n","protected":false},"author":1,"featured_media":0,"parent":0,"menu_order":0,"comment_status":"open","ping_status":"closed","template":"","meta":{"footnotes":""},"class_list":["post-366","page","type-page","status-publish","hentry"],"_links":{"self":[{"href":"https:\/\/slapps.fr\/sophany-aquarelle\/wp-json\/wp\/v2\/pages\/366","targetHints":{"allow":["GET"]}}],"collection":[{"href":"https:\/\/slapps.fr\/sophany-aquarelle\/wp-json\/wp\/v2\/pages"}],"about":[{"href":"https:\/\/slapps.fr\/sophany-aquarelle\/wp-json\/wp\/v2\/types\/page"}],"author":[{"embeddable":true,"href":"https:\/\/slapps.fr\/sophany-aquarelle\/wp-json\/wp\/v2\/users\/1"}],"replies":[{"embeddable":true,"href":"https:\/\/slapps.fr\/sophany-aquarelle\/wp-json\/wp\/v2\/comments?post=366"}],"version-history":[{"count":1,"href":"https:\/\/slapps.fr\/sophany-aquarelle\/wp-json\/wp\/v2\/pages\/366\/revisions"}],"predecessor-version":[{"id":369,"href":"https:\/\/slapps.fr\/sophany-aquarelle\/wp-json\/wp\/v2\/pages\/366\/revisions\/369"}],"wp:attachment":[{"href":"https:\/\/slapps.fr\/sophany-aquarelle\/wp-json\/wp\/v2\/media?parent=366"}],"curies":[{"name":"wp","href":"https:\/\/api.w.org\/{rel}","templated":true}]}}