{"id":362,"date":"2025-10-10T00:35:20","date_gmt":"2025-10-09T22:35:20","guid":{"rendered":"https:\/\/slapps.fr\/sophany-aquarelle\/?page_id=362"},"modified":"2025-10-10T00:41:17","modified_gmt":"2025-10-09T22:41:17","slug":"des-portraits","status":"publish","type":"page","link":"https:\/\/slapps.fr\/sophany-aquarelle\/des-portraits\/","title":{"rendered":"Des portraits"},"content":{"rendered":"<div class=\"wp-block-image\">\n<figure class=\"aligncenter size-full is-resized\"><img loading=\"lazy\" decoding=\"async\" width=\"517\" height=\"611\" src=\"https:\/\/slapps.fr\/sophany-aquarelle\/wp-content\/uploads\/2025\/10\/Obama-Barack-1.png\" alt=\"\" class=\"wp-image-363\" style=\"width:342px;height:auto\" srcset=\"https:\/\/slapps.fr\/sophany-aquarelle\/wp-content\/uploads\/2025\/10\/Obama-Barack-1.png 517w, https:\/\/slapps.fr\/sophany-aquarelle\/wp-content\/uploads\/2025\/10\/Obama-Barack-1-254x300.png 254w\" sizes=\"auto, (max-width: 517px) 100vw, 517px\" \/><\/figure>\n<\/div>\n\n\n<p class=\"has-text-align-center\">##001<\/p>\n\n\n\n<p class=\"has-text-align-center\">Je me passionne pour la peinture \u00e0 l\u2019eau, en particulier l\u2019aquarelle. Je me sp\u00e9cialise dans les portraits, que j\u2019aime repr\u00e9senter avec douceur, transparence et sensibilit\u00e9. L\u2019aquarelle me permet de jouer avec la lumi\u00e8re, les nuances subtiles et les \u00e9motions du visage humain.<\/p>\n\n\n\n<p class=\"has-text-align-center\">Chaque portrait est pour moi une rencontre : je cherche \u00e0 capter l\u2019expression, le regard, et cette part unique qui rend chaque personne singuli\u00e8re. J\u2019exp\u00e9rimente aussi avec les couleurs, parfois r\u00e9alistes, parfois plus intuitives, selon l\u2019ambiance que je souhaite transmettre.<\/p>\n\n\n\n<p class=\"has-text-align-center\">Je d\u00e9bute encore dans cette aventure artistique, mais je peins avec c\u0153ur, patience et curiosit\u00e9.&nbsp;<\/p>\n\n\n\n<p><\/p>\n","protected":false},"excerpt":{"rendered":"<p>##001 Je me passionne pour la peinture \u00e0 l\u2019eau, en particulier l\u2019aquarelle. Je me sp\u00e9cialise dans les portraits, que j\u2019aime repr\u00e9senter avec douceur, transparence et sensibilit\u00e9. L\u2019aquarelle me permet de jouer avec la lumi\u00e8re, les nuances subtiles et les \u00e9motions du visage humain. Chaque portrait est pour moi une rencontre : je cherche \u00e0 capter &hellip; <a href=\"https:\/\/slapps.fr\/sophany-aquarelle\/des-portraits\/\" class=\"more-link\">Continuer la lecture de <span class=\"screen-reader-text\">Des portraits<\/span>  <span class=\"meta-nav\">&rarr;<\/span><\/a><\/p>\n","protected":false},"author":1,"featured_media":0,"parent":0,"menu_order":0,"comment_status":"open","ping_status":"closed","template":"","meta":{"footnotes":""},"class_list":["post-362","page","type-page","status-publish","hentry"],"_links":{"self":[{"href":"https:\/\/slapps.fr\/sophany-aquarelle\/wp-json\/wp\/v2\/pages\/362","targetHints":{"allow":["GET"]}}],"collection":[{"href":"https:\/\/slapps.fr\/sophany-aquarelle\/wp-json\/wp\/v2\/pages"}],"about":[{"href":"https:\/\/slapps.fr\/sophany-aquarelle\/wp-json\/wp\/v2\/types\/page"}],"author":[{"embeddable":true,"href":"https:\/\/slapps.fr\/sophany-aquarelle\/wp-json\/wp\/v2\/users\/1"}],"replies":[{"embeddable":true,"href":"https:\/\/slapps.fr\/sophany-aquarelle\/wp-json\/wp\/v2\/comments?post=362"}],"version-history":[{"count":1,"href":"https:\/\/slapps.fr\/sophany-aquarelle\/wp-json\/wp\/v2\/pages\/362\/revisions"}],"predecessor-version":[{"id":365,"href":"https:\/\/slapps.fr\/sophany-aquarelle\/wp-json\/wp\/v2\/pages\/362\/revisions\/365"}],"wp:attachment":[{"href":"https:\/\/slapps.fr\/sophany-aquarelle\/wp-json\/wp\/v2\/media?parent=362"}],"curies":[{"name":"wp","href":"https:\/\/api.w.org\/{rel}","templated":true}]}}