{"id":348,"date":"2025-10-08T19:43:43","date_gmt":"2025-10-08T17:43:43","guid":{"rendered":"https:\/\/slapps.fr\/sophany-aquarelle\/?page_id=348"},"modified":"2025-10-08T19:47:34","modified_gmt":"2025-10-08T17:47:34","slug":"wat-phnom","status":"publish","type":"page","link":"https:\/\/slapps.fr\/sophany-aquarelle\/wat-phnom\/","title":{"rendered":"Wat Phnom"},"content":{"rendered":"<div class=\"wp-block-image\">\n<figure class=\"aligncenter size-full\"><img loading=\"lazy\" decoding=\"async\" width=\"485\" height=\"681\" src=\"https:\/\/slapps.fr\/sophany-aquarelle\/wp-content\/uploads\/2025\/10\/Dessin-020-1-1.png\" alt=\"\" class=\"wp-image-349\" srcset=\"https:\/\/slapps.fr\/sophany-aquarelle\/wp-content\/uploads\/2025\/10\/Dessin-020-1-1.png 485w, https:\/\/slapps.fr\/sophany-aquarelle\/wp-content\/uploads\/2025\/10\/Dessin-020-1-1-214x300.png 214w\" sizes=\"auto, (max-width: 485px) 100vw, 485px\" \/><\/figure>\n<\/div>\n\n\n<p class=\"has-text-align-center\"><strong>#020<\/strong><\/p>\n\n\n\n<p class=\"has-text-align-center\"><strong><a href=\"https:\/\/slapps.fr\/sophany-aquarelle\/tableau-020\/\">A VENDRE<\/a><\/strong><\/p>\n\n\n\n<p>                                                  WAT PHNOM<\/p>\n\n\n\n<p class=\"has-text-align-center\">Je suis all\u00e9 faire du Qi Gong au pied de la colline de Wat Phnom.<\/p>\n\n\n\n<p class=\"has-text-align-center\">C\u2019est un endroit o\u00f9 j\u2019allais souvent quand j\u2019\u00e9tais jeune, avec ma famille, surtout pendant le Nouvel An cambodgien ou chinois.<\/p>\n\n\n\n<p class=\"has-text-align-center\">Ce dessin repr\u00e9sente tous ces souvenirs pr\u00e9cieux, \u00e0 la fois paisibles et charg\u00e9s d\u2019\u00e9motion.<\/p>\n\n\n\n<p><\/p>\n","protected":false},"excerpt":{"rendered":"<p>#020 A VENDRE WAT PHNOM Je suis all\u00e9 faire du Qi Gong au pied de la colline de Wat Phnom. C\u2019est un endroit o\u00f9 j\u2019allais souvent quand j\u2019\u00e9tais jeune, avec ma famille, surtout pendant le Nouvel An cambodgien ou chinois. Ce dessin repr\u00e9sente tous ces souvenirs pr\u00e9cieux, \u00e0 la fois paisibles et charg\u00e9s d\u2019\u00e9motion.<\/p>\n","protected":false},"author":1,"featured_media":0,"parent":0,"menu_order":0,"comment_status":"open","ping_status":"closed","template":"","meta":{"footnotes":""},"class_list":["post-348","page","type-page","status-publish","hentry"],"_links":{"self":[{"href":"https:\/\/slapps.fr\/sophany-aquarelle\/wp-json\/wp\/v2\/pages\/348","targetHints":{"allow":["GET"]}}],"collection":[{"href":"https:\/\/slapps.fr\/sophany-aquarelle\/wp-json\/wp\/v2\/pages"}],"about":[{"href":"https:\/\/slapps.fr\/sophany-aquarelle\/wp-json\/wp\/v2\/types\/page"}],"author":[{"embeddable":true,"href":"https:\/\/slapps.fr\/sophany-aquarelle\/wp-json\/wp\/v2\/users\/1"}],"replies":[{"embeddable":true,"href":"https:\/\/slapps.fr\/sophany-aquarelle\/wp-json\/wp\/v2\/comments?post=348"}],"version-history":[{"count":2,"href":"https:\/\/slapps.fr\/sophany-aquarelle\/wp-json\/wp\/v2\/pages\/348\/revisions"}],"predecessor-version":[{"id":352,"href":"https:\/\/slapps.fr\/sophany-aquarelle\/wp-json\/wp\/v2\/pages\/348\/revisions\/352"}],"wp:attachment":[{"href":"https:\/\/slapps.fr\/sophany-aquarelle\/wp-json\/wp\/v2\/media?parent=348"}],"curies":[{"name":"wp","href":"https:\/\/api.w.org\/{rel}","templated":true}]}}