{"id":338,"date":"2025-10-08T00:33:18","date_gmt":"2025-10-07T22:33:18","guid":{"rendered":"https:\/\/slapps.fr\/sophany-aquarelle\/?page_id=338"},"modified":"2025-10-08T00:36:40","modified_gmt":"2025-10-07T22:36:40","slug":"le-monument-de-lindependance-a-phnom-penh","status":"publish","type":"page","link":"https:\/\/slapps.fr\/sophany-aquarelle\/le-monument-de-lindependance-a-phnom-penh\/","title":{"rendered":"Le Monument de l\u2019Ind\u00e9pendance \u00e0 Phnom Penh"},"content":{"rendered":"<div class=\"wp-block-image\">\n<figure class=\"aligncenter size-full\"><img loading=\"lazy\" decoding=\"async\" width=\"529\" height=\"692\" src=\"https:\/\/slapps.fr\/sophany-aquarelle\/wp-content\/uploads\/2025\/10\/Dessin-019-1-2.png\" alt=\"\" class=\"wp-image-339\" srcset=\"https:\/\/slapps.fr\/sophany-aquarelle\/wp-content\/uploads\/2025\/10\/Dessin-019-1-2.png 529w, https:\/\/slapps.fr\/sophany-aquarelle\/wp-content\/uploads\/2025\/10\/Dessin-019-1-2-229x300.png 229w\" sizes=\"auto, (max-width: 529px) 100vw, 529px\" \/><\/figure>\n<\/div>\n\n\n<p class=\"has-text-align-center\">#019<\/p>\n\n\n\n<p class=\"has-text-align-center\"><strong><a href=\"https:\/\/slapps.fr\/sophany-aquarelle\/tableau-019\/\">A VENDRE<\/a><\/strong><\/p>\n\n\n\n<p class=\"has-text-align-center\"><strong>Le Monument de l\u2019Ind\u00e9pendance \u00e0 Phnom Penh<\/strong><\/p>\n\n\n\n<p class=\"has-text-align-center\">Pendant mes vacances au Cambodge, je passais souvent devant le Monument de l\u2019Ind\u00e9pendance pour l\u2019admirer.<br>Cette peinture \u00e0 l\u2019aquarelle me rappelle toujours de beaux souvenirs avec mes parents, mes fr\u00e8res et mes s\u0153urs, devant ce monument symbolique.<\/p>\n\n\n\n<p class=\"has-text-align-center\">Au d\u00e9but de l\u2019ann\u00e9e 2025, comme notre h\u00f4tel \u00e9tait tout proche, je marchais jusqu\u2019\u00e0 Wat Phnom en passant par l\u00e0.<br>Aujourd\u2019hui, il ne me reste que ces souvenirs de famille, pleins de nostalgie.<\/p>\n\n\n\n<p><\/p>\n","protected":false},"excerpt":{"rendered":"<p>#019 A VENDRE Le Monument de l\u2019Ind\u00e9pendance \u00e0 Phnom Penh Pendant mes vacances au Cambodge, je passais souvent devant le Monument de l\u2019Ind\u00e9pendance pour l\u2019admirer.Cette peinture \u00e0 l\u2019aquarelle me rappelle toujours de beaux souvenirs avec mes parents, mes fr\u00e8res et mes s\u0153urs, devant ce monument symbolique. Au d\u00e9but de l\u2019ann\u00e9e 2025, comme notre h\u00f4tel \u00e9tait &hellip; <a href=\"https:\/\/slapps.fr\/sophany-aquarelle\/le-monument-de-lindependance-a-phnom-penh\/\" class=\"more-link\">Continuer la lecture de <span class=\"screen-reader-text\">Le Monument de l\u2019Ind\u00e9pendance \u00e0 Phnom Penh<\/span>  <span class=\"meta-nav\">&rarr;<\/span><\/a><\/p>\n","protected":false},"author":1,"featured_media":0,"parent":0,"menu_order":0,"comment_status":"open","ping_status":"closed","template":"","meta":{"footnotes":""},"class_list":["post-338","page","type-page","status-publish","hentry"],"_links":{"self":[{"href":"https:\/\/slapps.fr\/sophany-aquarelle\/wp-json\/wp\/v2\/pages\/338","targetHints":{"allow":["GET"]}}],"collection":[{"href":"https:\/\/slapps.fr\/sophany-aquarelle\/wp-json\/wp\/v2\/pages"}],"about":[{"href":"https:\/\/slapps.fr\/sophany-aquarelle\/wp-json\/wp\/v2\/types\/page"}],"author":[{"embeddable":true,"href":"https:\/\/slapps.fr\/sophany-aquarelle\/wp-json\/wp\/v2\/users\/1"}],"replies":[{"embeddable":true,"href":"https:\/\/slapps.fr\/sophany-aquarelle\/wp-json\/wp\/v2\/comments?post=338"}],"version-history":[{"count":2,"href":"https:\/\/slapps.fr\/sophany-aquarelle\/wp-json\/wp\/v2\/pages\/338\/revisions"}],"predecessor-version":[{"id":342,"href":"https:\/\/slapps.fr\/sophany-aquarelle\/wp-json\/wp\/v2\/pages\/338\/revisions\/342"}],"wp:attachment":[{"href":"https:\/\/slapps.fr\/sophany-aquarelle\/wp-json\/wp\/v2\/media?parent=338"}],"curies":[{"name":"wp","href":"https:\/\/api.w.org\/{rel}","templated":true}]}}