{"id":277,"date":"2025-10-06T16:51:55","date_gmt":"2025-10-06T14:51:55","guid":{"rendered":"https:\/\/slapps.fr\/sophany-aquarelle\/?page_id=277"},"modified":"2025-10-06T20:59:35","modified_gmt":"2025-10-06T18:59:35","slug":"la-ville-de-hong-kong","status":"publish","type":"page","link":"https:\/\/slapps.fr\/sophany-aquarelle\/la-ville-de-hong-kong\/","title":{"rendered":"La ville de Hong Kong"},"content":{"rendered":"<div class=\"wp-block-image\">\n<figure class=\"aligncenter size-full\"><img loading=\"lazy\" decoding=\"async\" width=\"384\" height=\"499\" src=\"https:\/\/slapps.fr\/sophany-aquarelle\/wp-content\/uploads\/2025\/10\/Dessin-018-1-1.png\" alt=\"\" class=\"wp-image-278\" srcset=\"https:\/\/slapps.fr\/sophany-aquarelle\/wp-content\/uploads\/2025\/10\/Dessin-018-1-1.png 384w, https:\/\/slapps.fr\/sophany-aquarelle\/wp-content\/uploads\/2025\/10\/Dessin-018-1-1-231x300.png 231w\" sizes=\"auto, (max-width: 384px) 100vw, 384px\" \/><\/figure>\n<\/div>\n\n\n<p class=\"has-text-align-center\">#018<\/p>\n\n\n\n<p class=\"has-text-align-center\"><strong><a href=\"https:\/\/slapps.fr\/sophany-aquarelle\/tableau-018\/\">A VENDRE<\/a><\/strong><\/p>\n\n\n\n<p class=\"has-text-align-center\">J<strong>\u2019adore cette ville de Hong Kong,<\/strong><br>ses couleurs vives comme des pigments d\u2019aquarelle,<br>ses tramways qui glissent doucement entre pass\u00e9 et futur,<br>ses ruelles \u00e9troites qui racontent mille histoires,<br>dans un murmure d\u2019encens et de n\u00e9ons.<\/p>\n\n\n\n<p class=\"has-text-align-center\">Chaque coin semble vibrer d\u2019une \u00e9nergie unique,<br>entre la sagesse des temples anciens<br>et la verticalit\u00e9 audacieuse des gratte-ciels.<br>C\u2019est une toile vivante,<br>peinte \u00e0 l\u2019eau et \u00e0 la lumi\u00e8re,<br>o\u00f9 chaque goutte de pluie devient un trait de pinceau.<\/p>\n\n\n\n<p class=\"has-text-align-center\"><strong>Un tableau d\u2019aquarelle,<\/strong><br>o\u00f9 le bleu du port embrasse le rouge des lanternes,<br>o\u00f9 la ville ne se regarde pas\u2026 elle se ressent.<\/p>\n","protected":false},"excerpt":{"rendered":"<p>#018 A VENDRE J\u2019adore cette ville de Hong Kong,ses couleurs vives comme des pigments d\u2019aquarelle,ses tramways qui glissent doucement entre pass\u00e9 et futur,ses ruelles \u00e9troites qui racontent mille histoires,dans un murmure d\u2019encens et de n\u00e9ons. Chaque coin semble vibrer d\u2019une \u00e9nergie unique,entre la sagesse des temples ancienset la verticalit\u00e9 audacieuse des gratte-ciels.C\u2019est une toile vivante,peinte &hellip; <a href=\"https:\/\/slapps.fr\/sophany-aquarelle\/la-ville-de-hong-kong\/\" class=\"more-link\">Continuer la lecture de <span class=\"screen-reader-text\">La ville de Hong Kong<\/span>  <span class=\"meta-nav\">&rarr;<\/span><\/a><\/p>\n","protected":false},"author":1,"featured_media":0,"parent":0,"menu_order":0,"comment_status":"open","ping_status":"closed","template":"","meta":{"footnotes":""},"class_list":["post-277","page","type-page","status-publish","hentry"],"_links":{"self":[{"href":"https:\/\/slapps.fr\/sophany-aquarelle\/wp-json\/wp\/v2\/pages\/277","targetHints":{"allow":["GET"]}}],"collection":[{"href":"https:\/\/slapps.fr\/sophany-aquarelle\/wp-json\/wp\/v2\/pages"}],"about":[{"href":"https:\/\/slapps.fr\/sophany-aquarelle\/wp-json\/wp\/v2\/types\/page"}],"author":[{"embeddable":true,"href":"https:\/\/slapps.fr\/sophany-aquarelle\/wp-json\/wp\/v2\/users\/1"}],"replies":[{"embeddable":true,"href":"https:\/\/slapps.fr\/sophany-aquarelle\/wp-json\/wp\/v2\/comments?post=277"}],"version-history":[{"count":5,"href":"https:\/\/slapps.fr\/sophany-aquarelle\/wp-json\/wp\/v2\/pages\/277\/revisions"}],"predecessor-version":[{"id":318,"href":"https:\/\/slapps.fr\/sophany-aquarelle\/wp-json\/wp\/v2\/pages\/277\/revisions\/318"}],"wp:attachment":[{"href":"https:\/\/slapps.fr\/sophany-aquarelle\/wp-json\/wp\/v2\/media?parent=277"}],"curies":[{"name":"wp","href":"https:\/\/api.w.org\/{rel}","templated":true}]}}