{"id":252,"date":"2025-10-04T22:19:59","date_gmt":"2025-10-04T20:19:59","guid":{"rendered":"https:\/\/slapps.fr\/sophany-aquarelle\/?page_id=252"},"modified":"2025-10-06T19:35:06","modified_gmt":"2025-10-06T17:35:06","slug":"tableau-017","status":"publish","type":"page","link":"https:\/\/slapps.fr\/sophany-aquarelle\/tableau-017\/","title":{"rendered":"Hong Kong, entre vapeur et aquarelle"},"content":{"rendered":"\n<p class=\"has-text-align-center\">#017<\/p>\n\n\n\n<p class=\"has-text-align-center\"><strong><a href=\"https:\/\/slapps.fr\/sophany-aquarelle\/tableau-017-2\/\">A VENDRE<\/a><\/strong><\/p>\n\n\n<div class=\"wp-block-image\">\n<figure class=\"aligncenter size-full\"><img loading=\"lazy\" decoding=\"async\" width=\"736\" height=\"536\" src=\"https:\/\/slapps.fr\/sophany-aquarelle\/wp-content\/uploads\/2025\/10\/Dessin-017-1-3.png\" alt=\"\" class=\"wp-image-267\" srcset=\"https:\/\/slapps.fr\/sophany-aquarelle\/wp-content\/uploads\/2025\/10\/Dessin-017-1-3.png 736w, https:\/\/slapps.fr\/sophany-aquarelle\/wp-content\/uploads\/2025\/10\/Dessin-017-1-3-300x218.png 300w\" sizes=\"auto, (max-width: 736px) 100vw, 736px\" \/><\/figure>\n<\/div>\n\n\n<p>Avant notre d\u00e9part pour Bangkok, nous avons pass\u00e9 quelques jours \u00e0 <strong>Hong Kong<\/strong>. Une ville que nous connaissons bien, mais qui continue de nous surprendre par son <strong>intensit\u00e9<\/strong>, sa <strong>densit\u00e9<\/strong>, et son <strong>\u00e9nergie unique<\/strong>.<\/p>\n\n\n\n<p>Comme \u00e0 chaque fois, nous avons pris plaisir \u00e0 <strong>d\u00e9guster des plats vapeur<\/strong> dans les petits restaurants de rue, \u00e0 <strong>fl\u00e2ner dans les march\u00e9s<\/strong>, et \u00e0 admirer la <strong>vue incroyable depuis Kowloon<\/strong>, face \u00e0 l\u2019\u00eele de Hong Kong.<\/p>\n\n\n\n<p>Cette fois, j\u2019ai choisi de <strong>peindre la ville en aquarelle<\/strong>. Entre les <strong>lignes verticales des gratte-ciels<\/strong>, les <strong>reflets sur la mer<\/strong>, et la <strong>statue embl\u00e9matique de Bruce Lee<\/strong>, j\u2019ai voulu capturer un instant suspendu, un moment de calme dans l\u2019agitation urbaine.<\/p>\n\n\n\n<p>Le soir, l\u2019air devenait plus <strong>frais<\/strong>, et la lumi\u00e8re tombante donnait \u00e0 la ville une atmosph\u00e8re presque irr\u00e9elle. L\u2019aquarelle s\u2019est impos\u00e9e naturellement comme le meilleur moyen de retranscrire cette ambiance \u2014 <strong>flottante, bruyante, lumineuse et douce \u00e0 la fois<\/strong>.<\/p>\n\n\n\n<p><\/p>\n","protected":false},"excerpt":{"rendered":"<p>#017 A VENDRE Avant notre d\u00e9part pour Bangkok, nous avons pass\u00e9 quelques jours \u00e0 Hong Kong. Une ville que nous connaissons bien, mais qui continue de nous surprendre par son intensit\u00e9, sa densit\u00e9, et son \u00e9nergie unique. Comme \u00e0 chaque fois, nous avons pris plaisir \u00e0 d\u00e9guster des plats vapeur dans les petits restaurants de &hellip; <a href=\"https:\/\/slapps.fr\/sophany-aquarelle\/tableau-017\/\" class=\"more-link\">Continuer la lecture de <span class=\"screen-reader-text\">Hong Kong, entre vapeur et aquarelle<\/span>  <span class=\"meta-nav\">&rarr;<\/span><\/a><\/p>\n","protected":false},"author":1,"featured_media":0,"parent":0,"menu_order":0,"comment_status":"closed","ping_status":"closed","template":"","meta":{"footnotes":""},"class_list":["post-252","page","type-page","status-publish","hentry"],"_links":{"self":[{"href":"https:\/\/slapps.fr\/sophany-aquarelle\/wp-json\/wp\/v2\/pages\/252","targetHints":{"allow":["GET"]}}],"collection":[{"href":"https:\/\/slapps.fr\/sophany-aquarelle\/wp-json\/wp\/v2\/pages"}],"about":[{"href":"https:\/\/slapps.fr\/sophany-aquarelle\/wp-json\/wp\/v2\/types\/page"}],"author":[{"embeddable":true,"href":"https:\/\/slapps.fr\/sophany-aquarelle\/wp-json\/wp\/v2\/users\/1"}],"replies":[{"embeddable":true,"href":"https:\/\/slapps.fr\/sophany-aquarelle\/wp-json\/wp\/v2\/comments?post=252"}],"version-history":[{"count":6,"href":"https:\/\/slapps.fr\/sophany-aquarelle\/wp-json\/wp\/v2\/pages\/252\/revisions"}],"predecessor-version":[{"id":292,"href":"https:\/\/slapps.fr\/sophany-aquarelle\/wp-json\/wp\/v2\/pages\/252\/revisions\/292"}],"wp:attachment":[{"href":"https:\/\/slapps.fr\/sophany-aquarelle\/wp-json\/wp\/v2\/media?parent=252"}],"curies":[{"name":"wp","href":"https:\/\/api.w.org\/{rel}","templated":true}]}}