{"id":248,"date":"2025-10-04T11:00:42","date_gmt":"2025-10-04T09:00:42","guid":{"rendered":"https:\/\/slapps.fr\/sophany-aquarelle\/?page_id=248"},"modified":"2025-10-06T19:41:03","modified_gmt":"2025-10-06T17:41:03","slug":"mon-retour-a-siem-reap-au-coeur-du-cambodge","status":"publish","type":"page","link":"https:\/\/slapps.fr\/sophany-aquarelle\/mon-retour-a-siem-reap-au-coeur-du-cambodge\/","title":{"rendered":"Mon retour \u00e0 Siem Reap, au c\u0153ur du Cambodge"},"content":{"rendered":"<div class=\"wp-block-image\">\n<figure class=\"aligncenter size-full\"><img loading=\"lazy\" decoding=\"async\" width=\"598\" height=\"440\" src=\"https:\/\/slapps.fr\/sophany-aquarelle\/wp-content\/uploads\/2025\/10\/Dessin-016-1-2.png\" alt=\"\" class=\"wp-image-249\" srcset=\"https:\/\/slapps.fr\/sophany-aquarelle\/wp-content\/uploads\/2025\/10\/Dessin-016-1-2.png 598w, https:\/\/slapps.fr\/sophany-aquarelle\/wp-content\/uploads\/2025\/10\/Dessin-016-1-2-300x221.png 300w\" sizes=\"auto, (max-width: 598px) 100vw, 598px\" \/><\/figure>\n<\/div>\n\n\n<p class=\"has-text-align-center\"><strong>Siem Reap \u00e0 travers mon regard d\u2019aquarelliste<\/strong><\/p>\n\n\n\n<p class=\"has-text-align-center\">#016<\/p>\n\n\n\n<p class=\"has-text-align-center\"><strong><a href=\"https:\/\/slapps.fr\/sophany-aquarelle\/tableau-016\/\">A VENDRE<\/a><\/strong><\/p>\n\n\n\n<p>Pour la troisi\u00e8me fois, je suis retourn\u00e9 dans <strong>mon pays natal, le Cambodge<\/strong>, avec toujours la m\u00eame \u00e9motion et la m\u00eame admiration. Chaque retour est une aventure \u00e0 la fois intime et inspirante, mais cette fois-ci, il a eu une saveur particuli\u00e8re : j\u2019ai choisi de <strong>peindre le monument de Siem Reap en aquarelle<\/strong>.<\/p>\n\n\n\n<p>Capter la <strong>lumi\u00e8re dor\u00e9e sur les pierres anciennes<\/strong>, les <strong>d\u00e9tails architecturaux d\u2019Angkor Wat<\/strong>, et l\u2019ambiance paisible des lieux \u00e0 travers mes pinceaux m\u2019a permis de vivre cette visite autrement. L\u2019aquarelle m\u2019a offert un regard plus attentif, plus profond. Chaque coup de pinceau \u00e9tait un hommage \u00e0 l\u2019histoire et \u00e0 la beaut\u00e9 de ce site mythique.<\/p>\n\n\n\n<p>Siem Reap est plus qu\u2019un lieu touristique : c\u2019est un <strong>symbole vivant de l\u2019h\u00e9ritage khmer<\/strong>, une fiert\u00e9 pour nous, Cambodgiens, et une source in\u00e9puisable d\u2019inspiration artistique. Peindre ce monument m\u2019a permis de <strong>me reconnecter \u00e0 mes racines<\/strong> tout en exprimant mes \u00e9motions \u00e0 travers l\u2019art.<\/p>\n","protected":false},"excerpt":{"rendered":"<p>Siem Reap \u00e0 travers mon regard d\u2019aquarelliste #016 A VENDRE Pour la troisi\u00e8me fois, je suis retourn\u00e9 dans mon pays natal, le Cambodge, avec toujours la m\u00eame \u00e9motion et la m\u00eame admiration. Chaque retour est une aventure \u00e0 la fois intime et inspirante, mais cette fois-ci, il a eu une saveur particuli\u00e8re : j\u2019ai choisi &hellip; <a href=\"https:\/\/slapps.fr\/sophany-aquarelle\/mon-retour-a-siem-reap-au-coeur-du-cambodge\/\" class=\"more-link\">Continuer la lecture de <span class=\"screen-reader-text\">Mon retour \u00e0 Siem Reap, au c\u0153ur du Cambodge<\/span>  <span class=\"meta-nav\">&rarr;<\/span><\/a><\/p>\n","protected":false},"author":1,"featured_media":0,"parent":0,"menu_order":0,"comment_status":"open","ping_status":"closed","template":"","meta":{"footnotes":""},"class_list":["post-248","page","type-page","status-publish","hentry"],"_links":{"self":[{"href":"https:\/\/slapps.fr\/sophany-aquarelle\/wp-json\/wp\/v2\/pages\/248","targetHints":{"allow":["GET"]}}],"collection":[{"href":"https:\/\/slapps.fr\/sophany-aquarelle\/wp-json\/wp\/v2\/pages"}],"about":[{"href":"https:\/\/slapps.fr\/sophany-aquarelle\/wp-json\/wp\/v2\/types\/page"}],"author":[{"embeddable":true,"href":"https:\/\/slapps.fr\/sophany-aquarelle\/wp-json\/wp\/v2\/users\/1"}],"replies":[{"embeddable":true,"href":"https:\/\/slapps.fr\/sophany-aquarelle\/wp-json\/wp\/v2\/comments?post=248"}],"version-history":[{"count":4,"href":"https:\/\/slapps.fr\/sophany-aquarelle\/wp-json\/wp\/v2\/pages\/248\/revisions"}],"predecessor-version":[{"id":298,"href":"https:\/\/slapps.fr\/sophany-aquarelle\/wp-json\/wp\/v2\/pages\/248\/revisions\/298"}],"wp:attachment":[{"href":"https:\/\/slapps.fr\/sophany-aquarelle\/wp-json\/wp\/v2\/media?parent=248"}],"curies":[{"name":"wp","href":"https:\/\/api.w.org\/{rel}","templated":true}]}}