{"id":225,"date":"2025-10-02T20:18:11","date_gmt":"2025-10-02T18:18:11","guid":{"rendered":"https:\/\/slapps.fr\/sophany-aquarelle\/?page_id=225"},"modified":"2025-10-06T21:21:45","modified_gmt":"2025-10-06T19:21:45","slug":"cambodge","status":"publish","type":"page","link":"https:\/\/slapps.fr\/sophany-aquarelle\/cambodge\/","title":{"rendered":"Cambodge"},"content":{"rendered":"\n<p>Un doux dessin en aquarelle s\u2019\u00e9tale comme un souvenir d\u00e9licat.<br>On y voit les courbes paisibles du paysage,<br>des collines baign\u00e9es de lumi\u00e8re,<br>des sentiers sinueux qui m\u00e8nent \u00e0 des maisons traditionnelles aux toits de tuiles.<\/p>\n\n\n\n<p>Les couleurs sont tendres \u2014 verts doux, bruns terreux,<br>et un ciel pastel o\u00f9 dansent quelques nuages.<br>Chaque touche de pinceau semble impr\u00e9gn\u00e9e de nostalgie,<br>comme si la m\u00e9moire elle-m\u00eame avait peint ce tableau.<\/p>\n\n\n\n<p>C\u2019est mon pays natal, vu \u00e0 travers les yeux du c\u0153ur,<br>entre r\u00eave et r\u00e9alit\u00e9,<br>captur\u00e9 dans le silence \u00e9mu d\u2019une aquarelle.<\/p>\n\n\n\n<p># Sophany Luong 06 Octobre 2025<\/p>\n\n\n\n<p><\/p>\n","protected":false},"excerpt":{"rendered":"<p>Un doux dessin en aquarelle s\u2019\u00e9tale comme un souvenir d\u00e9licat.On y voit les courbes paisibles du paysage,des collines baign\u00e9es de lumi\u00e8re,des sentiers sinueux qui m\u00e8nent \u00e0 des maisons traditionnelles aux toits de tuiles. Les couleurs sont tendres \u2014 verts doux, bruns terreux,et un ciel pastel o\u00f9 dansent quelques nuages.Chaque touche de pinceau semble impr\u00e9gn\u00e9e de &hellip; <a href=\"https:\/\/slapps.fr\/sophany-aquarelle\/cambodge\/\" class=\"more-link\">Continuer la lecture de <span class=\"screen-reader-text\">Cambodge<\/span>  <span class=\"meta-nav\">&rarr;<\/span><\/a><\/p>\n","protected":false},"author":1,"featured_media":0,"parent":0,"menu_order":0,"comment_status":"closed","ping_status":"closed","template":"","meta":{"footnotes":""},"class_list":["post-225","page","type-page","status-publish","hentry"],"_links":{"self":[{"href":"https:\/\/slapps.fr\/sophany-aquarelle\/wp-json\/wp\/v2\/pages\/225","targetHints":{"allow":["GET"]}}],"collection":[{"href":"https:\/\/slapps.fr\/sophany-aquarelle\/wp-json\/wp\/v2\/pages"}],"about":[{"href":"https:\/\/slapps.fr\/sophany-aquarelle\/wp-json\/wp\/v2\/types\/page"}],"author":[{"embeddable":true,"href":"https:\/\/slapps.fr\/sophany-aquarelle\/wp-json\/wp\/v2\/users\/1"}],"replies":[{"embeddable":true,"href":"https:\/\/slapps.fr\/sophany-aquarelle\/wp-json\/wp\/v2\/comments?post=225"}],"version-history":[{"count":4,"href":"https:\/\/slapps.fr\/sophany-aquarelle\/wp-json\/wp\/v2\/pages\/225\/revisions"}],"predecessor-version":[{"id":325,"href":"https:\/\/slapps.fr\/sophany-aquarelle\/wp-json\/wp\/v2\/pages\/225\/revisions\/325"}],"wp:attachment":[{"href":"https:\/\/slapps.fr\/sophany-aquarelle\/wp-json\/wp\/v2\/media?parent=225"}],"curies":[{"name":"wp","href":"https:\/\/api.w.org\/{rel}","templated":true}]}}