{"id":167,"date":"2025-10-02T16:30:48","date_gmt":"2025-10-02T14:30:48","guid":{"rendered":"https:\/\/slapps.fr\/sophany-aquarelle\/?page_id=167"},"modified":"2025-10-06T19:43:11","modified_gmt":"2025-10-06T17:43:11","slug":"tableau-006","status":"publish","type":"page","link":"https:\/\/slapps.fr\/sophany-aquarelle\/tableau-006\/","title":{"rendered":"Tableau #006"},"content":{"rendered":"<div class=\"wp-block-image\">\n<figure class=\"aligncenter size-full\"><img loading=\"lazy\" decoding=\"async\" width=\"998\" height=\"684\" src=\"https:\/\/slapps.fr\/sophany-aquarelle\/wp-content\/uploads\/2025\/10\/Dessin-006.png\" alt=\"\" class=\"wp-image-168\" srcset=\"https:\/\/slapps.fr\/sophany-aquarelle\/wp-content\/uploads\/2025\/10\/Dessin-006.png 998w, https:\/\/slapps.fr\/sophany-aquarelle\/wp-content\/uploads\/2025\/10\/Dessin-006-300x206.png 300w, https:\/\/slapps.fr\/sophany-aquarelle\/wp-content\/uploads\/2025\/10\/Dessin-006-768x526.png 768w\" sizes=\"auto, (max-width: 998px) 100vw, 998px\" \/><\/figure>\n<\/div>\n\n\n<p class=\"has-text-align-center\"><strong>\u00c0 c\u00f4t\u00e9 de la basilique du Sacr\u00e9-C\u0153ur-#00<\/strong>6<\/p>\n\n\n\n<p class=\"has-text-align-center\">dimension : 210\u00d7280 250g<\/p>\n\n\n\n<p class=\"has-text-align-center\">Prix : 15\u20ac<\/p>\n\n\n\n<p class=\"has-text-align-center\">Commander par email<\/p>\n","protected":false},"excerpt":{"rendered":"<p>\u00c0 c\u00f4t\u00e9 de la basilique du Sacr\u00e9-C\u0153ur-#006 dimension : 210\u00d7280 250g Prix : 15\u20ac Commander par email<\/p>\n","protected":false},"author":1,"featured_media":0,"parent":0,"menu_order":0,"comment_status":"open","ping_status":"closed","template":"","meta":{"footnotes":""},"class_list":["post-167","page","type-page","status-publish","hentry"],"_links":{"self":[{"href":"https:\/\/slapps.fr\/sophany-aquarelle\/wp-json\/wp\/v2\/pages\/167","targetHints":{"allow":["GET"]}}],"collection":[{"href":"https:\/\/slapps.fr\/sophany-aquarelle\/wp-json\/wp\/v2\/pages"}],"about":[{"href":"https:\/\/slapps.fr\/sophany-aquarelle\/wp-json\/wp\/v2\/types\/page"}],"author":[{"embeddable":true,"href":"https:\/\/slapps.fr\/sophany-aquarelle\/wp-json\/wp\/v2\/users\/1"}],"replies":[{"embeddable":true,"href":"https:\/\/slapps.fr\/sophany-aquarelle\/wp-json\/wp\/v2\/comments?post=167"}],"version-history":[{"count":2,"href":"https:\/\/slapps.fr\/sophany-aquarelle\/wp-json\/wp\/v2\/pages\/167\/revisions"}],"predecessor-version":[{"id":302,"href":"https:\/\/slapps.fr\/sophany-aquarelle\/wp-json\/wp\/v2\/pages\/167\/revisions\/302"}],"wp:attachment":[{"href":"https:\/\/slapps.fr\/sophany-aquarelle\/wp-json\/wp\/v2\/media?parent=167"}],"curies":[{"name":"wp","href":"https:\/\/api.w.org\/{rel}","templated":true}]}}